{"id":19836,"date":"2026-05-07T14:36:09","date_gmt":"2026-05-07T12:36:09","guid":{"rendered":"https:\/\/vossgass.no\/produkt\/koketopp-med-2-gassbluss-frittstaende\/"},"modified":"2026-05-07T14:46:53","modified_gmt":"2026-05-07T12:46:53","slug":"koketopp-med-2-gassbluss-frittstaende","status":"publish","type":"product","link":"https:\/\/vossgass.no\/en\/product\/koketopp-med-2-gassbluss-frittstaende\/","title":{"rendered":"Koketopp med 2 gassbluss &#8211; frittst\u00e5ende"},"content":{"rendered":"","protected":false},"excerpt":{"rendered":"<p>Frittst\u00e5ende koketopp 2 bluss &#8211; For hytte, b\u00e5t, camping &amp; beredskap<br \/>\nFlott koketopp med 2 bluss som kan benyttes inne eller utend\u00f8rs. Godt egnet for hytte, b\u00e5t og camping samt som et nyttig hjelpemiddel i en beredskapssituasjon. B\u00e5de gassbluss-kroner og rister er godt festet for \u00e5 holde seg p\u00e5 plass selv under bevegelse (b\u00e5t\/camping).<\/p>\n<p>En frittst\u00e5ende koketopp med 2 bluss er en praktisk og fleksibel l\u00f8sning for matlaging der du har begrenset plass eller mangler fast kj\u00f8kkeninstallasjon. Denne typen koketopp er spesielt popul\u00e6r p\u00e5 hytter, i b\u00e5ter, campingvogner og mindre kj\u00f8kken, hvor enkel installasjon og driftssikkerhet er viktig.<\/p>\n<p>Flammevakt:<br \/>\nKoketoppen er utstyrt med tennsikring (termoelement) som stopper gassen dersom flammen slukker. Denne anretningen s\u00f8rger for at gassforsyningen kuttes automatisk hvis flammen slukker, og sikrer p\u00e5 denne m\u00e5ten mot gasslekkasje. NB! Dette er et krav for gassapparater som skal benyttes innend\u00f8rs men er som regel ikke standard utrustning p\u00e5 koketopper som dette. <\/p>","protected":false},"featured_media":19837,"comment_status":"open","ping_status":"closed","template":"","meta":[],"product_brand":[],"product_cat":[260,292,639],"product_tag":[],"class_list":{"0":"post-19836","1":"product","2":"type-product","3":"status-publish","4":"has-post-thumbnail","6":"product_cat-hytte-camping-fritid","7":"product_cat-kjokken-gass","8":"product_cat-koketopper","10":"first","11":"instock","12":"taxable","13":"shipping-taxable","14":"purchasable","15":"product-type-simple"},"_links":{"self":[{"href":"https:\/\/vossgass.no\/en\/wp-json\/wp\/v2\/product\/19836","targetHints":{"allow":["GET"]}}],"collection":[{"href":"https:\/\/vossgass.no\/en\/wp-json\/wp\/v2\/product"}],"about":[{"href":"https:\/\/vossgass.no\/en\/wp-json\/wp\/v2\/types\/product"}],"replies":[{"embeddable":true,"href":"https:\/\/vossgass.no\/en\/wp-json\/wp\/v2\/comments?post=19836"}],"wp:featuredmedia":[{"embeddable":true,"href":"https:\/\/vossgass.no\/en\/wp-json\/wp\/v2\/media\/19837"}],"wp:attachment":[{"href":"https:\/\/vossgass.no\/en\/wp-json\/wp\/v2\/media?parent=19836"}],"wp:term":[{"taxonomy":"product_brand","embeddable":true,"href":"https:\/\/vossgass.no\/en\/wp-json\/wp\/v2\/product_brand?post=19836"},{"taxonomy":"product_cat","embeddable":true,"href":"https:\/\/vossgass.no\/en\/wp-json\/wp\/v2\/product_cat?post=19836"},{"taxonomy":"product_tag","embeddable":true,"href":"https:\/\/vossgass.no\/en\/wp-json\/wp\/v2\/product_tag?post=19836"}],"curies":[{"name":"wp","href":"https:\/\/api.w.org\/{rel}","templated":true}]}}