{"id":19808,"date":"2026-04-24T14:55:45","date_gmt":"2026-04-24T12:55:45","guid":{"rendered":"https:\/\/vossgass.no\/produkt\/slangesokkel-3-8v-10mm-sokkel\/"},"modified":"2026-04-24T14:57:57","modified_gmt":"2026-04-24T12:57:57","slug":"slangesokkel-3-8v-10mm-sokkel","status":"publish","type":"product","link":"https:\/\/vossgass.no\/en\/product\/slangesokkel-3-8v-10mm-sokkel\/","title":{"rendered":"Slangesokkel 3\/8&#8243;V &#8211; 10mm sokkel"},"content":{"rendered":"","protected":false},"excerpt":{"rendered":"<p>Slangesokkel med 3\/8&#8243; innvendige gjenger brukes ofte p\u00e5 utstyr som trenger h\u00f8yt gasstykk. Brennere for takarbeid og h\u00f8ytrykksregulatorer har denne som standard. Den innvendige koblingen er konveks, som gj\u00f8r at gjengetetting ikke brukes.<\/p>","protected":false},"featured_media":19811,"comment_status":"open","ping_status":"closed","template":"","meta":[],"product_brand":[],"product_cat":[318,319],"product_tag":[],"class_list":{"0":"post-19808","1":"product","2":"type-product","3":"status-publish","4":"has-post-thumbnail","6":"product_cat-gass-og-gassutstyr","7":"product_cat-slanger-ror-fittings-gass-gassutstyr","9":"first","10":"instock","11":"taxable","12":"shipping-taxable","13":"purchasable","14":"product-type-simple"},"_links":{"self":[{"href":"https:\/\/vossgass.no\/en\/wp-json\/wp\/v2\/product\/19808","targetHints":{"allow":["GET"]}}],"collection":[{"href":"https:\/\/vossgass.no\/en\/wp-json\/wp\/v2\/product"}],"about":[{"href":"https:\/\/vossgass.no\/en\/wp-json\/wp\/v2\/types\/product"}],"replies":[{"embeddable":true,"href":"https:\/\/vossgass.no\/en\/wp-json\/wp\/v2\/comments?post=19808"}],"wp:featuredmedia":[{"embeddable":true,"href":"https:\/\/vossgass.no\/en\/wp-json\/wp\/v2\/media\/19811"}],"wp:attachment":[{"href":"https:\/\/vossgass.no\/en\/wp-json\/wp\/v2\/media?parent=19808"}],"wp:term":[{"taxonomy":"product_brand","embeddable":true,"href":"https:\/\/vossgass.no\/en\/wp-json\/wp\/v2\/product_brand?post=19808"},{"taxonomy":"product_cat","embeddable":true,"href":"https:\/\/vossgass.no\/en\/wp-json\/wp\/v2\/product_cat?post=19808"},{"taxonomy":"product_tag","embeddable":true,"href":"https:\/\/vossgass.no\/en\/wp-json\/wp\/v2\/product_tag?post=19808"}],"curies":[{"name":"wp","href":"https:\/\/api.w.org\/{rel}","templated":true}]}}