{"id":19794,"date":"2026-04-22T16:23:12","date_gmt":"2026-04-22T14:23:12","guid":{"rendered":"https:\/\/vossgass.no\/produkt\/duotight-manifold-4-uttak-med-stengeventiler-og-push-fit\/"},"modified":"2026-04-23T15:49:40","modified_gmt":"2026-04-23T13:49:40","slug":"duotight-manifold-4-uttak-med-stengeventiler-og-push-fit","status":"publish","type":"product","link":"https:\/\/vossgass.no\/en\/product\/duotight-manifold-4-uttak-med-stengeventiler-og-push-fit\/","title":{"rendered":"Duotight Manifold 4 uttak med stengeventiler og push-fit"},"content":{"rendered":"","protected":false},"excerpt":{"rendered":"<p>Duotight 8 mm 4-veis manifold med kuleventiler, levert med tilbakeslagsventiler p\u00e5 hver utgang. Tilbakeslagsventilene kan enkelt fjernes dersom du \u00f8nsker fri flyt i begge retninger. Manifolden leveres med feste for montering. Ved installasjon i kegerator kan det v\u00e6re praktisk \u00e5 bruke selvklebende braketter for montering uten boring.<\/p>\n<p>For \u00e5 stenge ubrukte utganger anbefales det \u00e5 benytte 8 mm duotight plugg. Kuleventilene kan demonteres ved \u00e5 l\u00f8sne de svarte l\u00e5seklipsene med en flat skrutrekker.<\/p>\n<p>Kompatibilitet:<br \/>\nPasser til:<br \/>\n4 mm ID x 8 mm OD slange<br \/>\n5 mm ID x 8 mm OD slange<\/p>\n<p>Egenskaper:<\/p>\n<p>Push-fit koblinger med dobbel O-ring for god tetning<br \/>\nStengeventiler med tilbakeslag<br \/>\nIngen slangeklemmer n\u00f8dvendig<br \/>\nEgnet for gass og filtrert vann<br \/>\nMaks burst pressure: ca. 300 PSI<br \/>\nMateriale:<br \/>\nEPDM O-ringer gir god motstand mot kjemikalier, v\u00e6ske og slitasje, og egner seg godt til bruk i n\u00e6ringsmiddelrelaterte applikasjoner.<\/p>\n<p>For best tetning anbefales det \u00e5 kutte slangen rett (ikke p\u00e5 skr\u00e5). Slangen l\u00f8snes ved \u00e5 trykke inn l\u00e5seringen og trekke den ut.<\/p>","protected":false},"featured_media":19796,"comment_status":"open","ping_status":"closed","template":"","meta":[],"product_brand":[],"product_cat":[256,657,91],"product_tag":[],"class_list":{"0":"post-19794","1":"product","2":"type-product","3":"status-publish","4":"has-post-thumbnail","6":"product_cat-bryggeutstyr-heimabrygg","7":"product_cat-co2-tilbehor","8":"product_cat-heimabrygg","10":"first","11":"instock","12":"taxable","13":"shipping-taxable","14":"purchasable","15":"product-type-simple"},"_links":{"self":[{"href":"https:\/\/vossgass.no\/en\/wp-json\/wp\/v2\/product\/19794","targetHints":{"allow":["GET"]}}],"collection":[{"href":"https:\/\/vossgass.no\/en\/wp-json\/wp\/v2\/product"}],"about":[{"href":"https:\/\/vossgass.no\/en\/wp-json\/wp\/v2\/types\/product"}],"replies":[{"embeddable":true,"href":"https:\/\/vossgass.no\/en\/wp-json\/wp\/v2\/comments?post=19794"}],"wp:featuredmedia":[{"embeddable":true,"href":"https:\/\/vossgass.no\/en\/wp-json\/wp\/v2\/media\/19796"}],"wp:attachment":[{"href":"https:\/\/vossgass.no\/en\/wp-json\/wp\/v2\/media?parent=19794"}],"wp:term":[{"taxonomy":"product_brand","embeddable":true,"href":"https:\/\/vossgass.no\/en\/wp-json\/wp\/v2\/product_brand?post=19794"},{"taxonomy":"product_cat","embeddable":true,"href":"https:\/\/vossgass.no\/en\/wp-json\/wp\/v2\/product_cat?post=19794"},{"taxonomy":"product_tag","embeddable":true,"href":"https:\/\/vossgass.no\/en\/wp-json\/wp\/v2\/product_tag?post=19794"}],"curies":[{"name":"wp","href":"https:\/\/api.w.org\/{rel}","templated":true}]}}