{"id":19792,"date":"2026-04-22T16:21:15","date_gmt":"2026-04-22T14:21:15","guid":{"rendered":"https:\/\/vossgass.no\/produkt\/fwk-hopzilla-blonde-fresh-wort-kit-australsk-blonde-med-eclipse-galaxy\/"},"modified":"2026-04-23T15:40:45","modified_gmt":"2026-04-23T13:40:45","slug":"fwk-hopzilla-blonde-fresh-wort-kit-australsk-blonde-med-eclipse-galaxy","status":"publish","type":"product","link":"https:\/\/vossgass.no\/en\/product\/fwk-hopzilla-blonde-fresh-wort-kit-australsk-blonde-med-eclipse-galaxy\/","title":{"rendered":"FWK HopZilla Blonde Fresh Wort Kit Australsk blonde med Eclipse &amp; Galaxy"},"content":{"rendered":"","protected":false},"excerpt":{"rendered":"<p>FRESH WORT KIT! &#8211; Til deg som vil brygge godt \u00f8l, men ikke har tid eller plass til allgrain brygging.<br \/>\nHer har vi kort forklart brygget \u00f8lsettet for deg, slik at du kun trenger \u00e5 gj\u00e6re og tappe \u00f8let. Les mer om Fresh Wort Kit her<\/p>\n<p>HopZilla Blonde<br \/>\nEt \u00f8lsett inspirert av australsk blonde ale, med en lys maltbase og balansert bitterhet. Oppskriften er satt sammen for \u00e5 gi et lett og lyst uttrykk, med fokus p\u00e5 rene smaker og god balanse mellom malt og humle.<\/p>\n<p>Humlene Eclipse og Galaxy bidrar med tydelig fruktpreg fra humlesiden, som gir karakter til \u00f8let uten \u00e5 dominere. Resultatet er et lyst og lett \u00f8l med moderat bitterhet og en balansert profil.  <\/p>\n<p>Stil: Blond Ale<\/p>\n<p>Alkoholprosent: ca. 5,4%.<br \/>\nIBU: ca. 17 \u2013 lite\/moderat bitter. Farge: 8 EBC &#8211; halmgul<\/p>\n<p>Inneholder ferdig brygget v\u00f8rter for 20 liter \u00f8l<\/p>\n<p>Instruks:<\/p>\n<p>Hell v\u00f8rter over i gj\u00e6ringskaret ditt<br \/>\nTopp opp med rent vann til 20 liter totalt volum.<br \/>\nTilsett gj\u00e6r<br \/>\nSett p\u00e5 lokk og gj\u00e6rl\u00e5s<br \/>\nF\u00f8lg den medf\u00f8lgende veiledningen med tanke p\u00e5 anbefalt gj\u00e6ringstemperatur<br \/>\nInkludert:<br \/>\nGj\u00e6r: Fermentis US-05<br \/>\nT\u00f8rrhumle: Galaxy og Eclipse<\/p>\n<p>Gj\u00e6res p\u00e5 ca. 20\u00b0C. T\u00f8rrhumle tilsettes i henhold til beskrivelse p\u00e5 humleposene.<\/p>\n<p>Tilsett 6g sukker pr liter \u00f8l n\u00e5r \u00f8let settes p\u00e5 flaske, og la karbonere ved 20-28\u00b0C i ca 14 dager f\u00f8r settes kj\u00f8lig.<br \/>\nCO2 volum p\u00e5 fat: ca 2,4<\/p>","protected":false},"featured_media":19793,"comment_status":"open","ping_status":"closed","template":"","meta":[],"product_brand":[],"product_cat":[621,91,259],"product_tag":[],"class_list":{"0":"post-19792","1":"product","2":"type-product","3":"status-publish","4":"has-post-thumbnail","6":"product_cat-fresh-wort-sett-fwk","7":"product_cat-heimabrygg","8":"product_cat-ol-cidersett","9":"product_shipping_class-kan-ikke-sendes","11":"first","12":"instock","13":"taxable","14":"shipping-taxable","15":"purchasable","16":"product-type-simple"},"_links":{"self":[{"href":"https:\/\/vossgass.no\/en\/wp-json\/wp\/v2\/product\/19792","targetHints":{"allow":["GET"]}}],"collection":[{"href":"https:\/\/vossgass.no\/en\/wp-json\/wp\/v2\/product"}],"about":[{"href":"https:\/\/vossgass.no\/en\/wp-json\/wp\/v2\/types\/product"}],"replies":[{"embeddable":true,"href":"https:\/\/vossgass.no\/en\/wp-json\/wp\/v2\/comments?post=19792"}],"wp:featuredmedia":[{"embeddable":true,"href":"https:\/\/vossgass.no\/en\/wp-json\/wp\/v2\/media\/19793"}],"wp:attachment":[{"href":"https:\/\/vossgass.no\/en\/wp-json\/wp\/v2\/media?parent=19792"}],"wp:term":[{"taxonomy":"product_brand","embeddable":true,"href":"https:\/\/vossgass.no\/en\/wp-json\/wp\/v2\/product_brand?post=19792"},{"taxonomy":"product_cat","embeddable":true,"href":"https:\/\/vossgass.no\/en\/wp-json\/wp\/v2\/product_cat?post=19792"},{"taxonomy":"product_tag","embeddable":true,"href":"https:\/\/vossgass.no\/en\/wp-json\/wp\/v2\/product_tag?post=19792"}],"curies":[{"name":"wp","href":"https:\/\/api.w.org\/{rel}","templated":true}]}}