{"id":19589,"date":"2026-03-23T16:39:14","date_gmt":"2026-03-23T15:39:14","guid":{"rendered":"https:\/\/vossgass.no\/produkt\/veke-aladdinette-203\/"},"modified":"2026-04-06T19:36:29","modified_gmt":"2026-04-06T17:36:29","slug":"veke-aladdinette-203","status":"publish","type":"product","link":"https:\/\/vossgass.no\/en\/product\/veke-aladdinette-203\/","title":{"rendered":"Veke Aladdinette #203"},"content":{"rendered":"","protected":false},"excerpt":{"rendered":"<p>Det er n\u00f8dvendig \u00e5 skifte veke n\u00e5r den ikke lenger kan skrus tilstrekkelig h\u00f8yt opp til at den f\u00e5r en god, bl\u00e5 flamme. Det m\u00e5 aldri brukes makt p\u00e5 vekeskruen, det kan for\u00e5rsake betydelig skade. Fjern brenneren fra tanken, ta av flammesprederen og det ytre veker\u00f8ret. Skru den gamle veken helt opp, og ta den ut av brenneren, men behold vekel\u00f8fteren. Hold brenneren i vekeskruen, og tre endene p\u00e5 den nye veken gjennom \u00e5pningene mellom veker\u00f8rene. Papirstrimlene er festet til veken for \u00e5 gj\u00f8re denne operasjonen enklere. Smett s\u00e5 stigen p\u00e5 vekel\u00f8fteren ned mellom de to veker\u00f8r inntil den entrer tannhjulet p\u00e5 vekeskruen. Klem toppen av veken fast mot indre veker\u00f8r slik at den ikke kan bevege seg. Skru s\u00e5 veken mot klokken, slik at vekel\u00f8fteren bevekger seg nedover veken, helt til armene p\u00e5 vekel\u00f8fteren smetter inn i klipsene p\u00e5 siden av veken. Se til at de sitter riktig fast, og skkru veken helt ned. Fjern papirstrimlene.<\/p>","protected":false},"featured_media":19590,"comment_status":"open","ping_status":"closed","template":"","meta":[],"product_brand":[],"product_cat":[260,262,644],"product_tag":[],"class_list":{"0":"post-19589","1":"product","2":"type-product","3":"status-publish","4":"has-post-thumbnail","6":"product_cat-hytte-camping-fritid","7":"product_cat-oppvarming-hytte-camping-fritid-2","8":"product_cat-parafinovner-lamper","10":"first","11":"instock","12":"taxable","13":"shipping-taxable","14":"purchasable","15":"product-type-simple"},"_links":{"self":[{"href":"https:\/\/vossgass.no\/en\/wp-json\/wp\/v2\/product\/19589","targetHints":{"allow":["GET"]}}],"collection":[{"href":"https:\/\/vossgass.no\/en\/wp-json\/wp\/v2\/product"}],"about":[{"href":"https:\/\/vossgass.no\/en\/wp-json\/wp\/v2\/types\/product"}],"replies":[{"embeddable":true,"href":"https:\/\/vossgass.no\/en\/wp-json\/wp\/v2\/comments?post=19589"}],"wp:featuredmedia":[{"embeddable":true,"href":"https:\/\/vossgass.no\/en\/wp-json\/wp\/v2\/media\/19590"}],"wp:attachment":[{"href":"https:\/\/vossgass.no\/en\/wp-json\/wp\/v2\/media?parent=19589"}],"wp:term":[{"taxonomy":"product_brand","embeddable":true,"href":"https:\/\/vossgass.no\/en\/wp-json\/wp\/v2\/product_brand?post=19589"},{"taxonomy":"product_cat","embeddable":true,"href":"https:\/\/vossgass.no\/en\/wp-json\/wp\/v2\/product_cat?post=19589"},{"taxonomy":"product_tag","embeddable":true,"href":"https:\/\/vossgass.no\/en\/wp-json\/wp\/v2\/product_tag?post=19589"}],"curies":[{"name":"wp","href":"https:\/\/api.w.org\/{rel}","templated":true}]}}