{"id":19575,"date":"2026-03-20T16:38:50","date_gmt":"2026-03-20T15:38:50","guid":{"rendered":"https:\/\/vossgass.no\/produkt\/fwk-black-velvet-oatmeal-stout-fresh\/"},"modified":"2026-03-23T15:38:36","modified_gmt":"2026-03-23T14:38:36","slug":"fwk-black-velvet-oatmeal-stout-fresh","status":"publish","type":"product","link":"https:\/\/vossgass.no\/en\/product\/fwk-black-velvet-oatmeal-stout-fresh\/","title":{"rendered":"FWK Black Velvet Oatmeal Stout Fresh"},"content":{"rendered":"","protected":false},"excerpt":{"rendered":"<p>RESH WORT KIT! &#8211; Til deg som vil brygge godt \u00f8l, men ikke har tid eller plass til allgrain brygging.<br \/>\nHer har vi kort forklart brygget \u00f8lsettet for deg, slik at du kun trenger \u00e5 gj\u00e6re og tappe \u00f8let. Les mer om Fresh Wort Kit her<\/p>\n<p>Black Velvet Oatmeal Stout<br \/>\nOppskriften er inspirert av klassiske oatmeal stouts, der m\u00f8rke malttyper og havre gir en fyldig og avrundet karakter. R\u00f8stet bygg og sjokolademalt tilf\u00f8rer dyp farge og komplekse toner, mens havreflak bidrar til et kremet skum og silkemyk munnf\u00f8lelse &#8211; typisk for stilen.<\/p>\n<p>Stil: Oatmeal Stout<\/p>\n<p>Alkoholprosent: ca. 7,3%.<br \/>\nIBU: ca. 55 \u2013 lite\/moderat bitter. Farge: 83 EBC &#8211; r\u00f8dsort\/brunsort<\/p>\n<p>Inneholder ferdig brygget v\u00f8rter for 20 liter \u00f8l<\/p>\n<p>Instruks:<\/p>\n<p>Hell v\u00f8rter over i gj\u00e6ringskaret ditt<br \/>\nTopp opp med rent vann til 20 liter totalt volum.<br \/>\nTilsett gj\u00e6r<br \/>\nSett p\u00e5 lokk og gj\u00e6rl\u00e5s<br \/>\nF\u00f8lg den medf\u00f8lgende veiledningen med tanke p\u00e5 anbefalt gj\u00e6ringstemperatur<br \/>\nInkludert:<br \/>\nGj\u00e6r: Lallemand Nottingham<\/p>\n<p>Gj\u00e6res p\u00e5 ca. 20\u00b0C<\/p>\n<p>Tilsett 6g sukker pr liter \u00f8l n\u00e5r \u00f8let settes p\u00e5 flaske, og la karbonere ved 20-28\u00b0C i ca 14 dager f\u00f8r settes kj\u00f8lig.<br \/>\nCO2 volum p\u00e5 fat: ca 2,2<\/p>","protected":false},"featured_media":0,"comment_status":"open","ping_status":"closed","template":"","meta":[],"product_brand":[],"product_cat":[621,91,259],"product_tag":[],"class_list":{"0":"post-19575","1":"product","2":"type-product","3":"status-publish","5":"product_cat-fresh-wort-sett-fwk","6":"product_cat-heimabrygg","7":"product_cat-ol-cidersett","8":"product_shipping_class-kan-ikke-sendes","10":"first","11":"outofstock","12":"taxable","13":"shipping-taxable","14":"purchasable","15":"product-type-simple"},"_links":{"self":[{"href":"https:\/\/vossgass.no\/en\/wp-json\/wp\/v2\/product\/19575","targetHints":{"allow":["GET"]}}],"collection":[{"href":"https:\/\/vossgass.no\/en\/wp-json\/wp\/v2\/product"}],"about":[{"href":"https:\/\/vossgass.no\/en\/wp-json\/wp\/v2\/types\/product"}],"replies":[{"embeddable":true,"href":"https:\/\/vossgass.no\/en\/wp-json\/wp\/v2\/comments?post=19575"}],"wp:attachment":[{"href":"https:\/\/vossgass.no\/en\/wp-json\/wp\/v2\/media?parent=19575"}],"wp:term":[{"taxonomy":"product_brand","embeddable":true,"href":"https:\/\/vossgass.no\/en\/wp-json\/wp\/v2\/product_brand?post=19575"},{"taxonomy":"product_cat","embeddable":true,"href":"https:\/\/vossgass.no\/en\/wp-json\/wp\/v2\/product_cat?post=19575"},{"taxonomy":"product_tag","embeddable":true,"href":"https:\/\/vossgass.no\/en\/wp-json\/wp\/v2\/product_tag?post=19575"}],"curies":[{"name":"wp","href":"https:\/\/api.w.org\/{rel}","templated":true}]}}