{"id":19568,"date":"2026-03-16T16:21:45","date_gmt":"2026-03-16T15:21:45","guid":{"rendered":"https:\/\/vossgass.no\/produkt\/on-the-rocks-cider-pear\/"},"modified":"2026-03-20T16:39:41","modified_gmt":"2026-03-20T15:39:41","slug":"on-the-rocks-cider-pear","status":"publish","type":"product","link":"https:\/\/vossgass.no\/en\/product\/on-the-rocks-cider-pear\/","title":{"rendered":"On The Rocks Cider Pear"},"content":{"rendered":"","protected":false},"excerpt":{"rendered":"<p>On The Rocks-serien tilbyr cidersett laget med konsentrert eplejuice og fruktpakker med ekte fruktjuice. Settene inneholder gj\u00e6r og \u00f8vrige ingredienser som trengs for gj\u00e6ring og klaring, og er utviklet for \u00e5 gj\u00f8re hjemmeproduksjon av cider enkel og stabil.<\/p>\n<p>Dette settet inneholder p\u00e6rejuice som fruktkomponent og er utviklet for \u00e5 gi et stiltypisk uttrykk for p\u00e6recider. Gir omtrent 23 liter ferdig cider med en alkoholstyrke p\u00e5 ca. 5,9 %.<\/p>\n<p>Krever ca 1,3 kg Dextrose, Beerkit Enhancer eller Mangrove Jack&#8217;s Cider Enhancer.<\/p>","protected":false},"featured_media":19569,"comment_status":"open","ping_status":"closed","template":"","meta":[],"product_brand":[],"product_cat":[619,91,259],"product_tag":[],"class_list":{"0":"post-19568","1":"product","2":"type-product","3":"status-publish","4":"has-post-thumbnail","6":"product_cat-cidersett","7":"product_cat-heimabrygg","8":"product_cat-ol-cidersett","10":"first","11":"instock","12":"taxable","13":"shipping-taxable","14":"purchasable","15":"product-type-simple"},"_links":{"self":[{"href":"https:\/\/vossgass.no\/en\/wp-json\/wp\/v2\/product\/19568","targetHints":{"allow":["GET"]}}],"collection":[{"href":"https:\/\/vossgass.no\/en\/wp-json\/wp\/v2\/product"}],"about":[{"href":"https:\/\/vossgass.no\/en\/wp-json\/wp\/v2\/types\/product"}],"replies":[{"embeddable":true,"href":"https:\/\/vossgass.no\/en\/wp-json\/wp\/v2\/comments?post=19568"}],"wp:featuredmedia":[{"embeddable":true,"href":"https:\/\/vossgass.no\/en\/wp-json\/wp\/v2\/media\/19569"}],"wp:attachment":[{"href":"https:\/\/vossgass.no\/en\/wp-json\/wp\/v2\/media?parent=19568"}],"wp:term":[{"taxonomy":"product_brand","embeddable":true,"href":"https:\/\/vossgass.no\/en\/wp-json\/wp\/v2\/product_brand?post=19568"},{"taxonomy":"product_cat","embeddable":true,"href":"https:\/\/vossgass.no\/en\/wp-json\/wp\/v2\/product_cat?post=19568"},{"taxonomy":"product_tag","embeddable":true,"href":"https:\/\/vossgass.no\/en\/wp-json\/wp\/v2\/product_tag?post=19568"}],"curies":[{"name":"wp","href":"https:\/\/api.w.org\/{rel}","templated":true}]}}