{"id":19566,"date":"2026-03-16T16:19:30","date_gmt":"2026-03-16T15:19:30","guid":{"rendered":"https:\/\/vossgass.no\/produkt\/on-the-rocks-cider-apple\/"},"modified":"2026-03-21T12:06:36","modified_gmt":"2026-03-21T11:06:36","slug":"on-the-rocks-cider-apple","status":"publish","type":"product","link":"https:\/\/vossgass.no\/en\/product\/on-the-rocks-cider-apple\/","title":{"rendered":"On The Rocks Cider Apple"},"content":{"rendered":"","protected":false},"excerpt":{"rendered":"<p>On The Rocks-serien tilbyr cidersett laget med konsentrert eplejuice og fruktpakker med ekte fruktjuice. Settene inneholder gj\u00e6r og \u00f8vrige ingredienser som trengs for gj\u00e6ring og klaring, og er utviklet for \u00e5 gj\u00f8re hjemmeproduksjon av cider enkel og stabil.<\/p>\n<p>Dette settet inneholder eplejuice som fruktkomponent og er utviklet for \u00e5 gi et stiltypisk uttrykk for klassisk eplecider. Gir omtrent 23 liter ferdig cider med en alkoholstyrke p\u00e5 ca. 5,9 %.<\/p>\n<p>Krever CA 1,3 kg Dextrose, Beerkit Enhancer eller Mangrove Jack&#8217;s Cider Enhancer.<\/p>","protected":false},"featured_media":19567,"comment_status":"open","ping_status":"closed","template":"","meta":[],"product_brand":[],"product_cat":[619,91,259],"product_tag":[],"class_list":{"0":"post-19566","1":"product","2":"type-product","3":"status-publish","4":"has-post-thumbnail","6":"product_cat-cidersett","7":"product_cat-heimabrygg","8":"product_cat-ol-cidersett","10":"first","11":"instock","12":"taxable","13":"shipping-taxable","14":"purchasable","15":"product-type-simple"},"_links":{"self":[{"href":"https:\/\/vossgass.no\/en\/wp-json\/wp\/v2\/product\/19566","targetHints":{"allow":["GET"]}}],"collection":[{"href":"https:\/\/vossgass.no\/en\/wp-json\/wp\/v2\/product"}],"about":[{"href":"https:\/\/vossgass.no\/en\/wp-json\/wp\/v2\/types\/product"}],"replies":[{"embeddable":true,"href":"https:\/\/vossgass.no\/en\/wp-json\/wp\/v2\/comments?post=19566"}],"wp:featuredmedia":[{"embeddable":true,"href":"https:\/\/vossgass.no\/en\/wp-json\/wp\/v2\/media\/19567"}],"wp:attachment":[{"href":"https:\/\/vossgass.no\/en\/wp-json\/wp\/v2\/media?parent=19566"}],"wp:term":[{"taxonomy":"product_brand","embeddable":true,"href":"https:\/\/vossgass.no\/en\/wp-json\/wp\/v2\/product_brand?post=19566"},{"taxonomy":"product_cat","embeddable":true,"href":"https:\/\/vossgass.no\/en\/wp-json\/wp\/v2\/product_cat?post=19566"},{"taxonomy":"product_tag","embeddable":true,"href":"https:\/\/vossgass.no\/en\/wp-json\/wp\/v2\/product_tag?post=19566"}],"curies":[{"name":"wp","href":"https:\/\/api.w.org\/{rel}","templated":true}]}}