{"id":19426,"date":"2026-02-04T11:32:10","date_gmt":"2026-02-04T10:32:10","guid":{"rendered":"https:\/\/vossgass.no\/produkt\/karboneringsdrops-250g-ca-70-drops-til-05l-flaske\/"},"modified":"2026-04-08T13:50:30","modified_gmt":"2026-04-08T11:50:30","slug":"karboneringsdrops-250g-ca-70-drops-til-05l-flaske","status":"publish","type":"product","link":"https:\/\/vossgass.no\/en\/product\/karboneringsdrops-250g-ca-70-drops-til-05l-flaske\/","title":{"rendered":"Karboneringsdrops 250g ca 70 drops til 0,5L flaske"},"content":{"rendered":"","protected":false},"excerpt":{"rendered":"<p>Carbonation Drops 250g<\/p>\n<p>Karboneringsdrops for de gangene du \u00f8nsker \u00e5 gj\u00f8re det litt enkelt med karboneringen. Puttes p\u00e5 flasker sammed med \u00f8l for naturlig karbonering.<\/p>\n<p>Posen inneholder cirka 70 drops, med en samlet vekt p\u00e5 250g. Ett drops passer perfekt for 0,5L flasker.<\/p>\n<p>Ingredienser:<br \/>\nSukrose, Glukose<\/p>","protected":false},"featured_media":19427,"comment_status":"open","ping_status":"closed","template":"","meta":[],"product_brand":[],"product_cat":[91,149],"product_tag":[],"class_list":{"0":"post-19426","1":"product","2":"type-product","3":"status-publish","4":"has-post-thumbnail","6":"product_cat-heimabrygg","7":"product_cat-ravarer","9":"first","10":"instock","11":"taxable","12":"shipping-taxable","13":"purchasable","14":"product-type-simple"},"_links":{"self":[{"href":"https:\/\/vossgass.no\/en\/wp-json\/wp\/v2\/product\/19426","targetHints":{"allow":["GET"]}}],"collection":[{"href":"https:\/\/vossgass.no\/en\/wp-json\/wp\/v2\/product"}],"about":[{"href":"https:\/\/vossgass.no\/en\/wp-json\/wp\/v2\/types\/product"}],"replies":[{"embeddable":true,"href":"https:\/\/vossgass.no\/en\/wp-json\/wp\/v2\/comments?post=19426"}],"wp:featuredmedia":[{"embeddable":true,"href":"https:\/\/vossgass.no\/en\/wp-json\/wp\/v2\/media\/19427"}],"wp:attachment":[{"href":"https:\/\/vossgass.no\/en\/wp-json\/wp\/v2\/media?parent=19426"}],"wp:term":[{"taxonomy":"product_brand","embeddable":true,"href":"https:\/\/vossgass.no\/en\/wp-json\/wp\/v2\/product_brand?post=19426"},{"taxonomy":"product_cat","embeddable":true,"href":"https:\/\/vossgass.no\/en\/wp-json\/wp\/v2\/product_cat?post=19426"},{"taxonomy":"product_tag","embeddable":true,"href":"https:\/\/vossgass.no\/en\/wp-json\/wp\/v2\/product_tag?post=19426"}],"curies":[{"name":"wp","href":"https:\/\/api.w.org\/{rel}","templated":true}]}}