{"id":19212,"date":"2026-01-07T13:18:25","date_gmt":"2026-01-07T12:18:25","guid":{"rendered":"https:\/\/vossgass.no\/produkt\/maris-otter-malt-25-kg-ebc-55-knust\/"},"modified":"2026-03-27T16:24:38","modified_gmt":"2026-03-27T15:24:38","slug":"maris-otter-malt-25-kg-ebc-55-knust","status":"publish","type":"product","link":"https:\/\/vossgass.no\/en\/product\/maris-otter-malt-25-kg-ebc-55-knust\/","title":{"rendered":"Maris Otter malt 25 kg EBC 5,5 KNUST"},"content":{"rendered":"<p>Maris Otter malt knust<\/p>","protected":false},"excerpt":{"rendered":"<p>MARIS OTTER<\/p>\n<p>Denne britiske sorten ble popul\u00e6r blant engelske bryggere p\u00e5 midten av 1960-tallet. Den gav form og karakter til mange engelske \u00f8lstiler.<br \/>\nI dag brukes Maris Otter som basemalt over hele verden.<br \/>\nMaris Otter gir en rik og robust maltkarakter til \u00f8let, med en flott og lett gylden farge. Brukt som basemalt,<br \/>\nvil Best Maris Otter bidra til \u00e5 produsere et \u00f8l som er klart og med lav skumdannelse, p\u00e5 grunn av dets lave niv\u00e5 av proteiner.<\/p>\n<p>Produsent: Thomas Fawcett<br \/>\n\u00d8lstiler: Ale, Engelske Ale, Engelsk bitter med mer<br \/>\nAnvendelse: Opptil 100% av maltbase<\/p>","protected":false},"featured_media":19217,"comment_status":"open","ping_status":"closed","template":"","meta":[],"product_brand":[],"product_cat":[91,169,149],"product_tag":[],"class_list":{"0":"post-19212","1":"product","2":"type-product","3":"status-publish","4":"has-post-thumbnail","6":"product_cat-heimabrygg","7":"product_cat-malt","8":"product_cat-ravarer","9":"product_shipping_class-kan-ikke-sendes","11":"first","12":"instock","13":"taxable","14":"shipping-taxable","15":"purchasable","16":"product-type-simple"},"_links":{"self":[{"href":"https:\/\/vossgass.no\/en\/wp-json\/wp\/v2\/product\/19212","targetHints":{"allow":["GET"]}}],"collection":[{"href":"https:\/\/vossgass.no\/en\/wp-json\/wp\/v2\/product"}],"about":[{"href":"https:\/\/vossgass.no\/en\/wp-json\/wp\/v2\/types\/product"}],"replies":[{"embeddable":true,"href":"https:\/\/vossgass.no\/en\/wp-json\/wp\/v2\/comments?post=19212"}],"wp:featuredmedia":[{"embeddable":true,"href":"https:\/\/vossgass.no\/en\/wp-json\/wp\/v2\/media\/19217"}],"wp:attachment":[{"href":"https:\/\/vossgass.no\/en\/wp-json\/wp\/v2\/media?parent=19212"}],"wp:term":[{"taxonomy":"product_brand","embeddable":true,"href":"https:\/\/vossgass.no\/en\/wp-json\/wp\/v2\/product_brand?post=19212"},{"taxonomy":"product_cat","embeddable":true,"href":"https:\/\/vossgass.no\/en\/wp-json\/wp\/v2\/product_cat?post=19212"},{"taxonomy":"product_tag","embeddable":true,"href":"https:\/\/vossgass.no\/en\/wp-json\/wp\/v2\/product_tag?post=19212"}],"curies":[{"name":"wp","href":"https:\/\/api.w.org\/{rel}","templated":true}]}}