{"id":19187,"date":"2025-12-30T12:17:32","date_gmt":"2025-12-30T11:17:32","guid":{"rendered":"https:\/\/vossgass.no\/produkt\/terassevarmer-sahara-bordmodell-4kw-m-hurtigkobling\/"},"modified":"2026-02-09T14:46:24","modified_gmt":"2026-02-09T13:46:24","slug":"terassevarmer-sahara-bordmodell-4kw-m-hurtigkobling","status":"publish","type":"product","link":"https:\/\/vossgass.no\/en\/product\/terassevarmer-sahara-bordmodell-4kw-m-hurtigkobling\/","title":{"rendered":"Terassevarmer Sahara bordmodell 4kW m\/hurtigkobling."},"content":{"rendered":"","protected":false},"excerpt":{"rendered":"<p>Bordvarmer med hurtigkobling<br \/>\nTerrassevarmer p\u00e5 hele 4kW med justerbar varmeeffekt. Hurtigkobling p\u00e5 slangen for enkelt \u00e5 gjemme slangen igjennom parasollhullet i terrassebordet.<br \/>\nH\u00f8yde: 98cm<br \/>\nEffekt: 4kW<br \/>\nVekt 7kg<br \/>\nVeltesikring<br \/>\nFlammevakt<br \/>\nPiezo tenner<br \/>\nLeveres med slange og regulator<br \/>\nHurtigkobling p\u00e5 slange<\/p>","protected":false},"featured_media":19193,"comment_status":"open","ping_status":"closed","template":"","meta":[],"product_brand":[],"product_cat":[260,262,627],"product_tag":[],"class_list":{"0":"post-19187","1":"product","2":"type-product","3":"status-publish","4":"has-post-thumbnail","6":"product_cat-hytte-camping-fritid","7":"product_cat-oppvarming-hytte-camping-fritid-2","8":"product_cat-terrassevarmere","10":"first","11":"instock","12":"taxable","13":"shipping-taxable","14":"purchasable","15":"product-type-simple"},"_links":{"self":[{"href":"https:\/\/vossgass.no\/en\/wp-json\/wp\/v2\/product\/19187","targetHints":{"allow":["GET"]}}],"collection":[{"href":"https:\/\/vossgass.no\/en\/wp-json\/wp\/v2\/product"}],"about":[{"href":"https:\/\/vossgass.no\/en\/wp-json\/wp\/v2\/types\/product"}],"replies":[{"embeddable":true,"href":"https:\/\/vossgass.no\/en\/wp-json\/wp\/v2\/comments?post=19187"}],"wp:featuredmedia":[{"embeddable":true,"href":"https:\/\/vossgass.no\/en\/wp-json\/wp\/v2\/media\/19193"}],"wp:attachment":[{"href":"https:\/\/vossgass.no\/en\/wp-json\/wp\/v2\/media?parent=19187"}],"wp:term":[{"taxonomy":"product_brand","embeddable":true,"href":"https:\/\/vossgass.no\/en\/wp-json\/wp\/v2\/product_brand?post=19187"},{"taxonomy":"product_cat","embeddable":true,"href":"https:\/\/vossgass.no\/en\/wp-json\/wp\/v2\/product_cat?post=19187"},{"taxonomy":"product_tag","embeddable":true,"href":"https:\/\/vossgass.no\/en\/wp-json\/wp\/v2\/product_tag?post=19187"}],"curies":[{"name":"wp","href":"https:\/\/api.w.org\/{rel}","templated":true}]}}