{"id":19170,"date":"2025-12-12T10:45:45","date_gmt":"2025-12-12T09:45:45","guid":{"rendered":"https:\/\/vossgass.no\/produkt\/flat-basic-gassovn-mini-42-kw\/"},"modified":"2026-03-21T12:50:35","modified_gmt":"2026-03-21T11:50:35","slug":"flat-basic-gassovn-mini-42-kw","status":"publish","type":"product","link":"https:\/\/vossgass.no\/en\/product\/flat-basic-gassovn-mini-42-kw\/","title":{"rendered":"Flat Basic Gassovn Mini 4,2 kW"},"content":{"rendered":"","protected":false},"excerpt":{"rendered":"<p>Flat Basic er en hendig og kompakt infrar\u00f8d gassovn \u2013 perfekt for ferie, hage, hytte eller innend\u00f8rs veggmontering. Den gir \u00f8yeblikkelig infrar\u00f8d varme med 4200 W effekt og har ODS-sikring, thermosikring og veltesikring. Enkel \u00e5 henge p\u00e5 vegg etter liten justering. <\/p>\n<p>Tekniske spesifikasjoner<\/p>\n<p>Vekt: 3 kg<br \/>\nSt\u00f8rrelse: 56 x 47 x 11 cm<br \/>\nAntall varmeinnstillinger: 3<br \/>\nMaks effekt: 4200 watt<br \/>\nMaks forbruk: 305 g\/t<br \/>\nArbeidstrykk: 30 mBar<br \/>\nInngang: 1\/4&#8243; venstre gjenger<\/p>","protected":false},"featured_media":19171,"comment_status":"open","ping_status":"closed","template":"","meta":[],"product_brand":[],"product_cat":[626,260,262],"product_tag":[],"class_list":{"0":"post-19170","1":"product","2":"type-product","3":"status-publish","4":"has-post-thumbnail","6":"product_cat-gassovner","7":"product_cat-hytte-camping-fritid","8":"product_cat-oppvarming-hytte-camping-fritid-2","10":"first","11":"instock","12":"taxable","13":"shipping-taxable","14":"purchasable","15":"product-type-simple"},"_links":{"self":[{"href":"https:\/\/vossgass.no\/en\/wp-json\/wp\/v2\/product\/19170","targetHints":{"allow":["GET"]}}],"collection":[{"href":"https:\/\/vossgass.no\/en\/wp-json\/wp\/v2\/product"}],"about":[{"href":"https:\/\/vossgass.no\/en\/wp-json\/wp\/v2\/types\/product"}],"replies":[{"embeddable":true,"href":"https:\/\/vossgass.no\/en\/wp-json\/wp\/v2\/comments?post=19170"}],"wp:featuredmedia":[{"embeddable":true,"href":"https:\/\/vossgass.no\/en\/wp-json\/wp\/v2\/media\/19171"}],"wp:attachment":[{"href":"https:\/\/vossgass.no\/en\/wp-json\/wp\/v2\/media?parent=19170"}],"wp:term":[{"taxonomy":"product_brand","embeddable":true,"href":"https:\/\/vossgass.no\/en\/wp-json\/wp\/v2\/product_brand?post=19170"},{"taxonomy":"product_cat","embeddable":true,"href":"https:\/\/vossgass.no\/en\/wp-json\/wp\/v2\/product_cat?post=19170"},{"taxonomy":"product_tag","embeddable":true,"href":"https:\/\/vossgass.no\/en\/wp-json\/wp\/v2\/product_tag?post=19170"}],"curies":[{"name":"wp","href":"https:\/\/api.w.org\/{rel}","templated":true}]}}