{"id":19142,"date":"2025-12-01T13:18:13","date_gmt":"2025-12-01T12:18:13","guid":{"rendered":"https:\/\/vossgass.no\/produkt\/blu-brillerens\/"},"modified":"2026-02-09T14:55:35","modified_gmt":"2026-02-09T13:55:35","slug":"blu-brillerens","status":"publish","type":"product","link":"https:\/\/vossgass.no\/en\/product\/blu-brillerens\/","title":{"rendered":"BLU BRILLERENS"},"content":{"rendered":"","protected":false},"excerpt":{"rendered":"<p>Den kjente og kj\u00e6re Optikerens Brillerens i nytt navn, samme resept.<\/p>\n<p>Optikerens favoritt! Uansett hvor skitne brillene er s\u00e5 blir de helt rene uten \u00e5 f\u00e5 riper.<\/p>\n<p>Den mest sk\u00e5nsomme m\u00e5ten \u00e5 rengj\u00f8re brillene p\u00e5 \u2013 spray p\u00e5 og skyll av med kaldt vann.<br \/>\nSk\u00e5nsom mot plast. Antistatisk.<\/p>\n<p>Gj\u00f8r helt rent uten \u00e5 ripe<br \/>\nSk\u00e5nsom mot plast<br \/>\nF\u00e5s kj\u00f8pt hos optikere i hele landet<br \/>\nAntistatisk<\/p>","protected":false},"featured_media":19144,"comment_status":"open","ping_status":"closed","template":"","meta":[],"product_brand":[],"product_cat":[630,260,646],"product_tag":[],"class_list":{"0":"post-19142","1":"product","2":"type-product","3":"status-publish","4":"has-post-thumbnail","6":"product_cat-camping-bobilutsyr","7":"product_cat-hytte-camping-fritid","8":"product_cat-rengjoring","10":"first","11":"instock","12":"taxable","13":"shipping-taxable","14":"purchasable","15":"product-type-simple"},"_links":{"self":[{"href":"https:\/\/vossgass.no\/en\/wp-json\/wp\/v2\/product\/19142","targetHints":{"allow":["GET"]}}],"collection":[{"href":"https:\/\/vossgass.no\/en\/wp-json\/wp\/v2\/product"}],"about":[{"href":"https:\/\/vossgass.no\/en\/wp-json\/wp\/v2\/types\/product"}],"replies":[{"embeddable":true,"href":"https:\/\/vossgass.no\/en\/wp-json\/wp\/v2\/comments?post=19142"}],"wp:featuredmedia":[{"embeddable":true,"href":"https:\/\/vossgass.no\/en\/wp-json\/wp\/v2\/media\/19144"}],"wp:attachment":[{"href":"https:\/\/vossgass.no\/en\/wp-json\/wp\/v2\/media?parent=19142"}],"wp:term":[{"taxonomy":"product_brand","embeddable":true,"href":"https:\/\/vossgass.no\/en\/wp-json\/wp\/v2\/product_brand?post=19142"},{"taxonomy":"product_cat","embeddable":true,"href":"https:\/\/vossgass.no\/en\/wp-json\/wp\/v2\/product_cat?post=19142"},{"taxonomy":"product_tag","embeddable":true,"href":"https:\/\/vossgass.no\/en\/wp-json\/wp\/v2\/product_tag?post=19142"}],"curies":[{"name":"wp","href":"https:\/\/api.w.org\/{rel}","templated":true}]}}