{"id":19138,"date":"2025-11-29T12:46:13","date_gmt":"2025-11-29T11:46:13","guid":{"rendered":"https:\/\/vossgass.no\/produkt\/gassovn-infravarmer-compactflame\/"},"modified":"2026-02-17T15:28:50","modified_gmt":"2026-02-17T14:28:50","slug":"gassovn-infravarmer-compactflame","status":"publish","type":"product","link":"https:\/\/vossgass.no\/en\/product\/gassovn-infravarmer-compactflame\/","title":{"rendered":"Gassovn infravarmer Compactflame"},"content":{"rendered":"","protected":false},"excerpt":{"rendered":"<p>Compactflame gassovn er en kraftig og praktisk varmekilde som avgir behagelig str\u00e5levarme. Med sitt sammenleggbare design er den enkel \u00e5 rydde bort n\u00e5r den ikke er i bruk, og takket v\u00e6re hjulene kan den enkelt flyttes dit du trenger varmen mest. 4200 watt.<\/p>","protected":false},"featured_media":19139,"comment_status":"open","ping_status":"closed","template":"","meta":[],"product_brand":[],"product_cat":[626,260,262],"product_tag":[],"class_list":{"0":"post-19138","1":"product","2":"type-product","3":"status-publish","4":"has-post-thumbnail","6":"product_cat-gassovner","7":"product_cat-hytte-camping-fritid","8":"product_cat-oppvarming-hytte-camping-fritid-2","10":"first","11":"instock","12":"taxable","13":"shipping-taxable","14":"purchasable","15":"product-type-simple"},"_links":{"self":[{"href":"https:\/\/vossgass.no\/en\/wp-json\/wp\/v2\/product\/19138","targetHints":{"allow":["GET"]}}],"collection":[{"href":"https:\/\/vossgass.no\/en\/wp-json\/wp\/v2\/product"}],"about":[{"href":"https:\/\/vossgass.no\/en\/wp-json\/wp\/v2\/types\/product"}],"replies":[{"embeddable":true,"href":"https:\/\/vossgass.no\/en\/wp-json\/wp\/v2\/comments?post=19138"}],"wp:featuredmedia":[{"embeddable":true,"href":"https:\/\/vossgass.no\/en\/wp-json\/wp\/v2\/media\/19139"}],"wp:attachment":[{"href":"https:\/\/vossgass.no\/en\/wp-json\/wp\/v2\/media?parent=19138"}],"wp:term":[{"taxonomy":"product_brand","embeddable":true,"href":"https:\/\/vossgass.no\/en\/wp-json\/wp\/v2\/product_brand?post=19138"},{"taxonomy":"product_cat","embeddable":true,"href":"https:\/\/vossgass.no\/en\/wp-json\/wp\/v2\/product_cat?post=19138"},{"taxonomy":"product_tag","embeddable":true,"href":"https:\/\/vossgass.no\/en\/wp-json\/wp\/v2\/product_tag?post=19138"}],"curies":[{"name":"wp","href":"https:\/\/api.w.org\/{rel}","templated":true}]}}