{"id":19122,"date":"2025-11-20T14:36:33","date_gmt":"2025-11-20T13:36:33","guid":{"rendered":"https:\/\/vossgass.no\/produkt\/fjoslykt-235-led-svart-gull-h245cm-led-fjoslyk\/"},"modified":"2025-11-22T11:17:47","modified_gmt":"2025-11-22T10:17:47","slug":"fjoslykt-235-led-svart-gull-h245cm-led-fjoslyk","status":"publish","type":"product","link":"https:\/\/vossgass.no\/en\/product\/fjoslykt-235-led-svart-gull-h245cm-led-fjoslyk\/","title":{"rendered":"Fj\u00f8slykt 235 LED Svart &amp; gull H=24,5cm LED-fj\u00f8slyk"},"content":{"rendered":"","protected":false},"excerpt":{"rendered":"<p>Enkel og dekorativ fj\u00f8slykt med 15 stk lysdioder, sort &amp; gull. Leveres med fin gavepakning.<\/p>\n<p>Drives av 1 stk Litihium batteri, USB-ladekabel medf\u00f8lger.<br \/>\nH\u00f8yde 24,5cm<br \/>\nTrinnl\u00f8s justerbar lysstyrke<br \/>\nVekt: 640gr m\/batteri.<br \/>\nLyser ca 6 \u2013 8 timer p\u00e5 full guffe.<br \/>\nLadetid vil variere i forhold til hvor mange mA det er p\u00e5 USB-laderen som brukes:<\/p>\n<p>1 A lader: omtrent 1,4 timer 0,5 A lader: omtrent 2,9 timer<\/p>\n<p>Det er ikke anbefalt \u00e5 lade med sterkere ladere enn 1A 5V<\/p>\n<p>inkludert batteri: Litium-ion 18650 1200 mha  3,7 volt<\/p>","protected":false},"featured_media":19123,"comment_status":"open","ping_status":"closed","template":"","meta":[],"product_brand":[],"product_cat":[260,645],"product_tag":[],"class_list":{"0":"post-19122","1":"product","2":"type-product","3":"status-publish","4":"has-post-thumbnail","6":"product_cat-hytte-camping-fritid","7":"product_cat-solenergi-12-v-lys-m-m","9":"first","10":"instock","11":"taxable","12":"shipping-taxable","13":"purchasable","14":"product-type-simple"},"_links":{"self":[{"href":"https:\/\/vossgass.no\/en\/wp-json\/wp\/v2\/product\/19122","targetHints":{"allow":["GET"]}}],"collection":[{"href":"https:\/\/vossgass.no\/en\/wp-json\/wp\/v2\/product"}],"about":[{"href":"https:\/\/vossgass.no\/en\/wp-json\/wp\/v2\/types\/product"}],"replies":[{"embeddable":true,"href":"https:\/\/vossgass.no\/en\/wp-json\/wp\/v2\/comments?post=19122"}],"wp:featuredmedia":[{"embeddable":true,"href":"https:\/\/vossgass.no\/en\/wp-json\/wp\/v2\/media\/19123"}],"wp:attachment":[{"href":"https:\/\/vossgass.no\/en\/wp-json\/wp\/v2\/media?parent=19122"}],"wp:term":[{"taxonomy":"product_brand","embeddable":true,"href":"https:\/\/vossgass.no\/en\/wp-json\/wp\/v2\/product_brand?post=19122"},{"taxonomy":"product_cat","embeddable":true,"href":"https:\/\/vossgass.no\/en\/wp-json\/wp\/v2\/product_cat?post=19122"},{"taxonomy":"product_tag","embeddable":true,"href":"https:\/\/vossgass.no\/en\/wp-json\/wp\/v2\/product_tag?post=19122"}],"curies":[{"name":"wp","href":"https:\/\/api.w.org\/{rel}","templated":true}]}}