{"id":19055,"date":"2025-11-10T10:58:45","date_gmt":"2025-11-10T09:58:45","guid":{"rendered":"https:\/\/vossgass.no\/produkt\/recharge-bouteille-de-gaz-propane-13-kg-remplissage-securise\/"},"modified":"2026-04-08T15:06:40","modified_gmt":"2026-04-08T13:06:40","slug":"recharge-bouteille-de-gaz-propane-13-kg","status":"publish","type":"product","link":"https:\/\/vossgass.no\/en\/product\/recharge-bouteille-de-gaz-propane-13-kg\/","title":{"rendered":"Recharge bouteille de gaz propane 13 kg \u2013 Remplissage s\u00e9curis\u00e9"},"content":{"rendered":"","protected":false},"excerpt":{"rendered":"<p>Rechargez votre bouteille de gaz propane de 13 kg directement en magasin chez Voss Gass.<br \/>\nNous assurons un remplissage professionnel et s\u00e9curis\u00e9, conforme aux normes europ\u00e9ennes.<br \/>\nId\u00e9al pour le camping, la cuisine ou le chauffage mobile.<br \/>\n?? Les bouteilles pleines ne sont pas exp\u00e9di\u00e9es \u2013 remplissage uniquement en boutique.<br \/>\nNos sp\u00e9cialistes v\u00e9rifient la bouteille et la valve avant chaque remplissage pour votre s\u00e9curit\u00e9.<\/p>","protected":false},"featured_media":19056,"comment_status":"open","ping_status":"closed","template":"","meta":[],"product_brand":[],"product_cat":[604,318,459],"product_tag":[],"class_list":{"0":"post-19055","1":"product","2":"type-product","3":"status-publish","4":"has-post-thumbnail","6":"product_cat-bytting","7":"product_cat-gass-og-gassutstyr","8":"product_cat-gassflaskerer-propan","9":"product_shipping_class-kan-ikke-sendes","11":"first","12":"instock","13":"taxable","14":"shipping-taxable","15":"purchasable","16":"product-type-simple"},"_links":{"self":[{"href":"https:\/\/vossgass.no\/en\/wp-json\/wp\/v2\/product\/19055","targetHints":{"allow":["GET"]}}],"collection":[{"href":"https:\/\/vossgass.no\/en\/wp-json\/wp\/v2\/product"}],"about":[{"href":"https:\/\/vossgass.no\/en\/wp-json\/wp\/v2\/types\/product"}],"replies":[{"embeddable":true,"href":"https:\/\/vossgass.no\/en\/wp-json\/wp\/v2\/comments?post=19055"}],"wp:featuredmedia":[{"embeddable":true,"href":"https:\/\/vossgass.no\/en\/wp-json\/wp\/v2\/media\/19056"}],"wp:attachment":[{"href":"https:\/\/vossgass.no\/en\/wp-json\/wp\/v2\/media?parent=19055"}],"wp:term":[{"taxonomy":"product_brand","embeddable":true,"href":"https:\/\/vossgass.no\/en\/wp-json\/wp\/v2\/product_brand?post=19055"},{"taxonomy":"product_cat","embeddable":true,"href":"https:\/\/vossgass.no\/en\/wp-json\/wp\/v2\/product_cat?post=19055"},{"taxonomy":"product_tag","embeddable":true,"href":"https:\/\/vossgass.no\/en\/wp-json\/wp\/v2\/product_tag?post=19055"}],"curies":[{"name":"wp","href":"https:\/\/api.w.org\/{rel}","templated":true}]}}