{"id":19039,"date":"2025-11-06T15:40:32","date_gmt":"2025-11-06T14:40:32","guid":{"rendered":"https:\/\/vossgass.no\/produkt\/safcider-ab-1-5g-utmerket-til-alle-typer-cider\/"},"modified":"2026-02-09T16:05:34","modified_gmt":"2026-02-09T15:05:34","slug":"safcider-ab-1-5g-utmerket-til-alle-typer-cider","status":"publish","type":"product","link":"https:\/\/vossgass.no\/en\/product\/safcider-ab-1-5g-utmerket-til-alle-typer-cider\/","title":{"rendered":"SafCider AB-1 5g Utmerket til alle typer cider"},"content":{"rendered":"","protected":false},"excerpt":{"rendered":"<p>SafCider\u2122 AB-1 T\u00f8rrgj\u00e6r<\/p>\n<p>SafCider\u2122 AB-1 er utviklet spesielt for eplecider og gir en ren, frisk og balansert fermentering. Gj\u00e6ren fremhever fruktigheten i epler uten \u00e5 tilf\u00f8re u\u00f8nskede aromaer, og gir en t\u00f8rr finish med god friskhet. Den har h\u00f8y utgj\u00e6ring og passer godt b\u00e5de til tradisjonell t\u00f8rr cider og til fruktige varianter med klar og ren smak.<\/p>\n<p>SafCider\u2122 AB-1 er robust og fungerer godt i et bredt temperaturomr\u00e5de, noe som gj\u00f8r den enkel \u00e5 bruke for hjemmebryggere.<\/p>\n<p>Egenskaper:<\/p>\n<p>Gj\u00e6rtype: Cidergj\u00e6r (Saccharomyces cerevisiae)<br \/>\nAlkoholtoleranse: opp til ca. 9\u201311 % ABV<br \/>\nTemperatur: 10\u201330 \u00b0C (optimalt 18\u201324 \u00b0C)<br \/>\nDosering: 1 pakke (11,5 g) er nok til ca. 20 liter most (50\u201380 g pr. hl)<\/p>\n<p>https:\/\/fermentis.com\/en\/product\/safcider-ab-1\/<\/p>","protected":false},"featured_media":19043,"comment_status":"open","ping_status":"closed","template":"","meta":[],"product_brand":[],"product_cat":[180,91,149],"product_tag":[],"class_list":{"0":"post-19039","1":"product","2":"type-product","3":"status-publish","4":"has-post-thumbnail","6":"product_cat-gjaer","7":"product_cat-heimabrygg","8":"product_cat-ravarer","10":"first","11":"instock","12":"taxable","13":"shipping-taxable","14":"purchasable","15":"product-type-simple"},"_links":{"self":[{"href":"https:\/\/vossgass.no\/en\/wp-json\/wp\/v2\/product\/19039","targetHints":{"allow":["GET"]}}],"collection":[{"href":"https:\/\/vossgass.no\/en\/wp-json\/wp\/v2\/product"}],"about":[{"href":"https:\/\/vossgass.no\/en\/wp-json\/wp\/v2\/types\/product"}],"replies":[{"embeddable":true,"href":"https:\/\/vossgass.no\/en\/wp-json\/wp\/v2\/comments?post=19039"}],"wp:featuredmedia":[{"embeddable":true,"href":"https:\/\/vossgass.no\/en\/wp-json\/wp\/v2\/media\/19043"}],"wp:attachment":[{"href":"https:\/\/vossgass.no\/en\/wp-json\/wp\/v2\/media?parent=19039"}],"wp:term":[{"taxonomy":"product_brand","embeddable":true,"href":"https:\/\/vossgass.no\/en\/wp-json\/wp\/v2\/product_brand?post=19039"},{"taxonomy":"product_cat","embeddable":true,"href":"https:\/\/vossgass.no\/en\/wp-json\/wp\/v2\/product_cat?post=19039"},{"taxonomy":"product_tag","embeddable":true,"href":"https:\/\/vossgass.no\/en\/wp-json\/wp\/v2\/product_tag?post=19039"}],"curies":[{"name":"wp","href":"https:\/\/api.w.org\/{rel}","templated":true}]}}