{"id":19035,"date":"2025-11-06T15:31:39","date_gmt":"2025-11-06T14:31:39","guid":{"rendered":"https:\/\/vossgass.no\/produkt\/lalbrew-house-ale-11g-torrgjaer-for-mange-behov\/"},"modified":"2026-02-09T16:06:50","modified_gmt":"2026-02-09T15:06:50","slug":"lalbrew-house-ale-11g-torrgjaer-for-mange-behov","status":"publish","type":"product","link":"https:\/\/vossgass.no\/en\/product\/lalbrew-house-ale-11g-torrgjaer-for-mange-behov\/","title":{"rendered":"LalBrew House Ale 11g t\u00f8rrgj\u00e6r for mange behov"},"content":{"rendered":"","protected":false},"excerpt":{"rendered":"<p>LalBrew\u00ae House Ale\u2122 T\u00f8rrgj\u00e6r<\/p>\n<p>LalBrew\u00ae House Ale\u2122 er en moderne h\u00f8ytytende gj\u00e6rstamme utviklet for \u00e5 v\u00e6re rask, ren og allsidig \u2013 et ekte \u201chusgj\u00e6r\u201d som dekker mange bryggebehov. Den er selektert av Escarpment Labs i Canada for sin overlegne gj\u00e6ringsprestasjon, med raske fermenteringer, kort modningstid, h\u00f8y stresstoleranse og sv\u00e6rt god gjenbruksevne.<\/p>\n<p>Gj\u00e6ren har en n\u00f8ytral fermenteringsprofil som lar r\u00e5varer som malt og humle komme tydelig frem, og den rydder raskt opp biprodukter som acetaldehyd og diacetyl.<\/p>\n<p>Egenskaper:<\/p>\n<p>Gj\u00e6rtype: Ale-gj\u00e6r (Saccharomyces cerevisiae)<br \/>\nAlkoholtoleranse: opp til ca. 14 % ABV<br \/>\nTemperatur: 16\u201322 \u00b0C<br \/>\nDosering: 1 pakke (11 g) er nok til ca. 20 liter v\u00f8rter (50\u2013100 g pr. hl)<br \/>\nEt ideelt valg for et bredt spekter av \u00f8lstiler \u2013 fra IPA og Blonde Ale til Stout \u2013 n\u00e5r du \u00f8nsker en effektiv og ren gj\u00e6r som leverer jevnt resultat gang p\u00e5 gang.<\/p>\n<p>https:\/\/admin.lallemandbrewing.com\/wp-content\/uploads\/2025\/09\/House-ale-TDS-ENG-A4-Print-LalBrew-1.pdf<\/p>","protected":false},"featured_media":19038,"comment_status":"open","ping_status":"closed","template":"","meta":[],"product_brand":[],"product_cat":[180,91,149],"product_tag":[],"class_list":{"0":"post-19035","1":"product","2":"type-product","3":"status-publish","4":"has-post-thumbnail","6":"product_cat-gjaer","7":"product_cat-heimabrygg","8":"product_cat-ravarer","10":"first","11":"instock","12":"taxable","13":"shipping-taxable","14":"purchasable","15":"product-type-simple"},"_links":{"self":[{"href":"https:\/\/vossgass.no\/en\/wp-json\/wp\/v2\/product\/19035","targetHints":{"allow":["GET"]}}],"collection":[{"href":"https:\/\/vossgass.no\/en\/wp-json\/wp\/v2\/product"}],"about":[{"href":"https:\/\/vossgass.no\/en\/wp-json\/wp\/v2\/types\/product"}],"replies":[{"embeddable":true,"href":"https:\/\/vossgass.no\/en\/wp-json\/wp\/v2\/comments?post=19035"}],"wp:featuredmedia":[{"embeddable":true,"href":"https:\/\/vossgass.no\/en\/wp-json\/wp\/v2\/media\/19038"}],"wp:attachment":[{"href":"https:\/\/vossgass.no\/en\/wp-json\/wp\/v2\/media?parent=19035"}],"wp:term":[{"taxonomy":"product_brand","embeddable":true,"href":"https:\/\/vossgass.no\/en\/wp-json\/wp\/v2\/product_brand?post=19035"},{"taxonomy":"product_cat","embeddable":true,"href":"https:\/\/vossgass.no\/en\/wp-json\/wp\/v2\/product_cat?post=19035"},{"taxonomy":"product_tag","embeddable":true,"href":"https:\/\/vossgass.no\/en\/wp-json\/wp\/v2\/product_tag?post=19035"}],"curies":[{"name":"wp","href":"https:\/\/api.w.org\/{rel}","templated":true}]}}