{"id":19012,"date":"2025-11-01T13:46:11","date_gmt":"2025-11-01T12:46:11","guid":{"rendered":"https:\/\/vossgass.no\/produkt\/pumpehevert-medium-44-cm\/"},"modified":"2026-02-09T16:07:37","modified_gmt":"2026-02-09T15:07:37","slug":"pumpehevert-medium-44-cm","status":"publish","type":"product","link":"https:\/\/vossgass.no\/en\/product\/pumpehevert-medium-44-cm\/","title":{"rendered":"Pumpehevert Medium 44 cm"},"content":{"rendered":"","protected":false},"excerpt":{"rendered":"<p>Hevert er et helt n\u00f8dvendig utstyr for alle \u00f8lbryggere! Den benyttes n\u00e5r en skal stikke om gj\u00e6ringskaret og n\u00e5r en skal ha \u00f8let p\u00e5 flasker.<\/p>\n<p>Kvalitetshevert med pumpefunksjon.<br \/>\n44 cm langt stigr\u00f8r.<\/p>","protected":false},"featured_media":19013,"comment_status":"open","ping_status":"closed","template":"","meta":[],"product_brand":[],"product_cat":[256,91],"product_tag":[],"class_list":{"0":"post-19012","1":"product","2":"type-product","3":"status-publish","4":"has-post-thumbnail","6":"product_cat-bryggeutstyr-heimabrygg","7":"product_cat-heimabrygg","9":"first","10":"outofstock","11":"taxable","12":"shipping-taxable","13":"purchasable","14":"product-type-simple"},"_links":{"self":[{"href":"https:\/\/vossgass.no\/en\/wp-json\/wp\/v2\/product\/19012","targetHints":{"allow":["GET"]}}],"collection":[{"href":"https:\/\/vossgass.no\/en\/wp-json\/wp\/v2\/product"}],"about":[{"href":"https:\/\/vossgass.no\/en\/wp-json\/wp\/v2\/types\/product"}],"replies":[{"embeddable":true,"href":"https:\/\/vossgass.no\/en\/wp-json\/wp\/v2\/comments?post=19012"}],"wp:featuredmedia":[{"embeddable":true,"href":"https:\/\/vossgass.no\/en\/wp-json\/wp\/v2\/media\/19013"}],"wp:attachment":[{"href":"https:\/\/vossgass.no\/en\/wp-json\/wp\/v2\/media?parent=19012"}],"wp:term":[{"taxonomy":"product_brand","embeddable":true,"href":"https:\/\/vossgass.no\/en\/wp-json\/wp\/v2\/product_brand?post=19012"},{"taxonomy":"product_cat","embeddable":true,"href":"https:\/\/vossgass.no\/en\/wp-json\/wp\/v2\/product_cat?post=19012"},{"taxonomy":"product_tag","embeddable":true,"href":"https:\/\/vossgass.no\/en\/wp-json\/wp\/v2\/product_tag?post=19012"}],"curies":[{"name":"wp","href":"https:\/\/api.w.org\/{rel}","templated":true}]}}