{"id":19008,"date":"2025-10-28T15:40:50","date_gmt":"2025-10-28T14:40:50","guid":{"rendered":"https:\/\/vossgass.no\/produkt\/skanbatt-solcellepanel-200w-all-black-mono-perc-1500x680x35mm\/"},"modified":"2026-03-23T12:06:42","modified_gmt":"2026-03-23T11:06:42","slug":"skanbatt-solcellepanel-200w-all-black-mono-perc-1500x680x35mm","status":"publish","type":"product","link":"https:\/\/vossgass.no\/en\/product\/skanbatt-solcellepanel-200w-all-black-mono-perc-1500x680x35mm\/","title":{"rendered":"Solcellepanel 200W &#8211; All Black &#8211; Mono &#8211; PERC &#8211; 1500x680x35mm SKANBATT"},"content":{"rendered":"","protected":false},"excerpt":{"rendered":"<p>SKANBATT Solcellepanel Mono 200W Sort<br \/>\nModell nr: SMB-200W<\/p>\n<p>&laquo;All black&raquo; PERC Monokrystallinsk solcellepanel av meget h\u00f8y kvalitet.<br \/>\nVi setter store krav til v\u00e5re produsenter f\u00f8r vi setter v\u00e5rt eget merke p\u00e5 produkter, og denne panelserien er ikke noe unntak.<br \/>\nSolcellepanelene i denne serien er utpr\u00f8vd over flere \u00e5r, og har bevist sin gode kvalitet p\u00e5 mange hytter, bobiler og b\u00e5ter over hele landet.<\/p>\n<p>Fordeler:<\/p>\n<p>H\u00f8y-effektive klasse-A  PERC monokrystallinske celler av beste kvalitet.<br \/>\nCellene produserer meget godt, selv om forholdene ikke er optimale.<br \/>\nHerdet glass med anti-reflekterende materiale som gir maksimal effekt og en meget robust overflate.<br \/>\nBruk av h\u00f8y kvalitets EVA og TPT for og unng\u00e5 vanninntrengning i panelet.<br \/>\nSort aluminiums-ramme og sort overflate gir et n\u00f8ytralt og flott design.<br \/>\nVanntett koblingsboks med innebygd sperrediode<br \/>\nH\u00f8y kvalitet og garantert god effekt med en effekt toleranse fra 0-3%<br \/>\nBygget for og t\u00e5le ekstremv\u00e6r og store sn\u00f8masser<br \/>\n90cm kabel med MC4 plugger er montert p\u00e5 panelet<br \/>\nProdusert under meget streng kvalitetskontroll. ISO9001:2000 og ISO14001:2004<br \/>\n5\u00e5rs produktgaranti og 25\u00e5rs effekt garanti<br \/>\nTekniske data:<br \/>\nMax effekt: 200Wp<br \/>\n\u00c5pen kretsspenning: 22,68V<br \/>\nKortslutningsstr\u00f8m: 11,2A<br \/>\nSpenning ved maks effekt: 18,4V<br \/>\nMaks ladestr\u00f8m: 10,8A (ca 13,89A ved bruk av MPPT)<br \/>\nCelle effektivitet: 22,42%<br \/>\nEffekt toleranse: +0-3%<br \/>\nTemperaturomr\u00e5de: -40\u00b0C til +80\u00b0C<br \/>\nMaks systemspenning: 1000V DC<br \/>\nAntall celler: 36 (4&#215;9)<br \/>\nDimensjoner: 1500x680x35mm<br \/>\nVekt: 10,5kg<\/p>","protected":false},"featured_media":19009,"comment_status":"open","ping_status":"closed","template":"","meta":[],"product_brand":[],"product_cat":[260,516],"product_tag":[],"class_list":{"0":"post-19008","1":"product","2":"type-product","3":"status-publish","4":"has-post-thumbnail","6":"product_cat-hytte-camping-fritid","7":"product_cat-solenergi-12-v-m-m-hytte-camping-fritid-2","8":"product_shipping_class-kan-ikke-sendes","10":"first","11":"instock","12":"taxable","13":"shipping-taxable","14":"purchasable","15":"product-type-simple"},"_links":{"self":[{"href":"https:\/\/vossgass.no\/en\/wp-json\/wp\/v2\/product\/19008","targetHints":{"allow":["GET"]}}],"collection":[{"href":"https:\/\/vossgass.no\/en\/wp-json\/wp\/v2\/product"}],"about":[{"href":"https:\/\/vossgass.no\/en\/wp-json\/wp\/v2\/types\/product"}],"replies":[{"embeddable":true,"href":"https:\/\/vossgass.no\/en\/wp-json\/wp\/v2\/comments?post=19008"}],"wp:featuredmedia":[{"embeddable":true,"href":"https:\/\/vossgass.no\/en\/wp-json\/wp\/v2\/media\/19009"}],"wp:attachment":[{"href":"https:\/\/vossgass.no\/en\/wp-json\/wp\/v2\/media?parent=19008"}],"wp:term":[{"taxonomy":"product_brand","embeddable":true,"href":"https:\/\/vossgass.no\/en\/wp-json\/wp\/v2\/product_brand?post=19008"},{"taxonomy":"product_cat","embeddable":true,"href":"https:\/\/vossgass.no\/en\/wp-json\/wp\/v2\/product_cat?post=19008"},{"taxonomy":"product_tag","embeddable":true,"href":"https:\/\/vossgass.no\/en\/wp-json\/wp\/v2\/product_tag?post=19008"}],"curies":[{"name":"wp","href":"https:\/\/api.w.org\/{rel}","templated":true}]}}