{"id":18989,"date":"2025-10-22T16:35:05","date_gmt":"2025-10-22T14:35:05","guid":{"rendered":"https:\/\/vossgass.no\/produkt\/filtersystem-med-1-mikron-filter\/"},"modified":"2026-02-09T16:13:11","modified_gmt":"2026-02-09T15:13:11","slug":"filtersystem-med-1-mikron-filter","status":"publish","type":"product","link":"https:\/\/vossgass.no\/en\/product\/filtersystem-med-1-mikron-filter\/","title":{"rendered":"Filtersystem med 1 mikron filter"},"content":{"rendered":"","protected":false},"excerpt":{"rendered":"<p>Foretrekker du \u00e5 drikke klart \u00f8l? Selv om mye av smaken ofte sitter i de sm\u00e5 partiklene som flyter rundt i \u00f8let er det mange som \u00f8nsker et klart \u00f8l. Det finnes flere metoder for klarning av \u00f8l, og filtrering er en m\u00e5te \u00e5 oppn\u00e5 dette p\u00e5. Best effekt f\u00e5r du n\u00e5r du filtrerer ukarbonert iskaldt \u00f8l.<\/p>\n<p>Til denne filterl\u00f8sning benyttes utskiftbare og vaskbare 1 micron filtere. Det f\u00f8lger med ett filter.<br \/>\nFilter kan ogs\u00e5 kj\u00f8pes i tillegg, se &laquo;tilbeh\u00f8r&raquo; lenger ned p\u00e5 siden.<\/p>\n<p>Spesifikasjon:<br \/>\nKlart filterhus, for 25cm \/ 10&#8243; filter<br \/>\n1 stk filter medf\u00f8lger<br \/>\nVentil, for \u00e5 bl\u00f8 av oksygen fra filterhuset<br \/>\n1\/2&#8243; BSP innfesting<br \/>\nDuotight koblinger for 9,5mm (3\/8&#8243;) slange. Den ene har stengeventil. <\/p>\n<p>Det f\u00f8lger ogs\u00e5 med brakett for veggfest, verkt\u00f8y for \u00e5 l\u00f8sne\/stramme filterhuset samt gjengetape.<\/p>","protected":false},"featured_media":18991,"comment_status":"open","ping_status":"closed","template":"","meta":[],"product_brand":[],"product_cat":[256,91,624],"product_tag":[],"class_list":{"0":"post-18989","1":"product","2":"type-product","3":"status-publish","4":"has-post-thumbnail","6":"product_cat-bryggeutstyr-heimabrygg","7":"product_cat-heimabrygg","8":"product_cat-utstyr-til-brygging","10":"first","11":"instock","12":"taxable","13":"shipping-taxable","14":"purchasable","15":"product-type-simple"},"_links":{"self":[{"href":"https:\/\/vossgass.no\/en\/wp-json\/wp\/v2\/product\/18989","targetHints":{"allow":["GET"]}}],"collection":[{"href":"https:\/\/vossgass.no\/en\/wp-json\/wp\/v2\/product"}],"about":[{"href":"https:\/\/vossgass.no\/en\/wp-json\/wp\/v2\/types\/product"}],"replies":[{"embeddable":true,"href":"https:\/\/vossgass.no\/en\/wp-json\/wp\/v2\/comments?post=18989"}],"wp:featuredmedia":[{"embeddable":true,"href":"https:\/\/vossgass.no\/en\/wp-json\/wp\/v2\/media\/18991"}],"wp:attachment":[{"href":"https:\/\/vossgass.no\/en\/wp-json\/wp\/v2\/media?parent=18989"}],"wp:term":[{"taxonomy":"product_brand","embeddable":true,"href":"https:\/\/vossgass.no\/en\/wp-json\/wp\/v2\/product_brand?post=18989"},{"taxonomy":"product_cat","embeddable":true,"href":"https:\/\/vossgass.no\/en\/wp-json\/wp\/v2\/product_cat?post=18989"},{"taxonomy":"product_tag","embeddable":true,"href":"https:\/\/vossgass.no\/en\/wp-json\/wp\/v2\/product_tag?post=18989"}],"curies":[{"name":"wp","href":"https:\/\/api.w.org\/{rel}","templated":true}]}}