{"id":18987,"date":"2025-10-22T16:29:27","date_gmt":"2025-10-22T14:29:27","guid":{"rendered":"https:\/\/vossgass.no\/produkt\/slangeborste-8mm-80cm-lang\/"},"modified":"2026-02-09T16:14:02","modified_gmt":"2026-02-09T15:14:02","slug":"slangeborste-8mm-80cm-lang","status":"publish","type":"product","link":"https:\/\/vossgass.no\/en\/product\/slangeborste-8mm-80cm-lang\/","title":{"rendered":"Slangeb\u00f8rste 8mm 80cm lang"},"content":{"rendered":"","protected":false},"excerpt":{"rendered":"<p>80cm lang fleksibel b\u00f8rste for \u00f8lslanger og lignende. 8mm diameter.<\/p>","protected":false},"featured_media":18988,"comment_status":"open","ping_status":"closed","template":"","meta":[],"product_brand":[],"product_cat":[256,91,624],"product_tag":[],"class_list":{"0":"post-18987","1":"product","2":"type-product","3":"status-publish","4":"has-post-thumbnail","6":"product_cat-bryggeutstyr-heimabrygg","7":"product_cat-heimabrygg","8":"product_cat-utstyr-til-brygging","10":"first","11":"instock","12":"taxable","13":"shipping-taxable","14":"purchasable","15":"product-type-simple"},"_links":{"self":[{"href":"https:\/\/vossgass.no\/en\/wp-json\/wp\/v2\/product\/18987","targetHints":{"allow":["GET"]}}],"collection":[{"href":"https:\/\/vossgass.no\/en\/wp-json\/wp\/v2\/product"}],"about":[{"href":"https:\/\/vossgass.no\/en\/wp-json\/wp\/v2\/types\/product"}],"replies":[{"embeddable":true,"href":"https:\/\/vossgass.no\/en\/wp-json\/wp\/v2\/comments?post=18987"}],"wp:featuredmedia":[{"embeddable":true,"href":"https:\/\/vossgass.no\/en\/wp-json\/wp\/v2\/media\/18988"}],"wp:attachment":[{"href":"https:\/\/vossgass.no\/en\/wp-json\/wp\/v2\/media?parent=18987"}],"wp:term":[{"taxonomy":"product_brand","embeddable":true,"href":"https:\/\/vossgass.no\/en\/wp-json\/wp\/v2\/product_brand?post=18987"},{"taxonomy":"product_cat","embeddable":true,"href":"https:\/\/vossgass.no\/en\/wp-json\/wp\/v2\/product_cat?post=18987"},{"taxonomy":"product_tag","embeddable":true,"href":"https:\/\/vossgass.no\/en\/wp-json\/wp\/v2\/product_tag?post=18987"}],"curies":[{"name":"wp","href":"https:\/\/api.w.org\/{rel}","templated":true}]}}