{"id":18979,"date":"2025-10-21T15:31:17","date_gmt":"2025-10-21T13:31:17","guid":{"rendered":"https:\/\/vossgass.no\/produkt\/koketopp-frittstaende-3-bluss\/"},"modified":"2026-03-07T11:42:35","modified_gmt":"2026-03-07T10:42:35","slug":"frittstaende-gasskoketopp-3-bluss-camping","status":"publish","type":"product","link":"https:\/\/vossgass.no\/en\/product\/frittstaende-gasskoketopp-3-bluss-camping\/","title":{"rendered":"Koketopp frittst\u00e5ende 3 bluss"},"content":{"rendered":"","protected":false},"excerpt":{"rendered":"<p>Flott koketopp med 3 bluss som kan benyttes inne eller utend\u00f8rs. Godt egnet for hytte, b\u00e5t og camping. B\u00e5de gassbluss-kroner og rister er godt festet for \u00e5 holde seg p\u00e5 plass selv under bevegelse (b\u00e5t\/camping).<\/p>\n<p>Gassbluss: 2,2kW, 1,2kW og 0,85kW <\/p>\n<p>Flammevakt: Koketoppen er utstyrt med tennsikring (termoelement) som stopper gassen dersom flammen slukker. Denne anretningen s\u00f8rger for at gassforsyningen kuttes automatisk hvis flammen slukker, og sikrer p\u00e5 denne m\u00e5ten mot gasslekkasje. NB! Dette er et krav for gassapparater som skal benyttes innend\u00f8rs men er som regel ikke standard utrustning p\u00e5 koketopper som dette. <\/p>","protected":false},"featured_media":18980,"comment_status":"open","ping_status":"closed","template":"","meta":[],"product_brand":[],"product_cat":[260,292,639],"product_tag":[],"class_list":{"0":"post-18979","1":"product","2":"type-product","3":"status-publish","4":"has-post-thumbnail","6":"product_cat-hytte-camping-fritid","7":"product_cat-kjokken-gass","8":"product_cat-koketopper","10":"first","11":"instock","12":"taxable","13":"shipping-taxable","14":"purchasable","15":"product-type-simple"},"_links":{"self":[{"href":"https:\/\/vossgass.no\/en\/wp-json\/wp\/v2\/product\/18979","targetHints":{"allow":["GET"]}}],"collection":[{"href":"https:\/\/vossgass.no\/en\/wp-json\/wp\/v2\/product"}],"about":[{"href":"https:\/\/vossgass.no\/en\/wp-json\/wp\/v2\/types\/product"}],"replies":[{"embeddable":true,"href":"https:\/\/vossgass.no\/en\/wp-json\/wp\/v2\/comments?post=18979"}],"wp:featuredmedia":[{"embeddable":true,"href":"https:\/\/vossgass.no\/en\/wp-json\/wp\/v2\/media\/18980"}],"wp:attachment":[{"href":"https:\/\/vossgass.no\/en\/wp-json\/wp\/v2\/media?parent=18979"}],"wp:term":[{"taxonomy":"product_brand","embeddable":true,"href":"https:\/\/vossgass.no\/en\/wp-json\/wp\/v2\/product_brand?post=18979"},{"taxonomy":"product_cat","embeddable":true,"href":"https:\/\/vossgass.no\/en\/wp-json\/wp\/v2\/product_cat?post=18979"},{"taxonomy":"product_tag","embeddable":true,"href":"https:\/\/vossgass.no\/en\/wp-json\/wp\/v2\/product_tag?post=18979"}],"curies":[{"name":"wp","href":"https:\/\/api.w.org\/{rel}","templated":true}]}}