{"id":18889,"date":"2025-09-09T11:14:10","date_gmt":"2025-09-09T09:14:10","guid":{"rendered":"https:\/\/vossgass.no\/produkt\/campden-05-kg-sulfitt\/"},"modified":"2025-09-23T13:05:33","modified_gmt":"2025-09-23T11:05:33","slug":"campden-05-kg-sulfitt","status":"publish","type":"product","link":"https:\/\/vossgass.no\/en\/product\/campden-05-kg-sulfitt\/","title":{"rendered":"Campden 0,5 kg. Sulfitt"},"content":{"rendered":"","protected":false},"excerpt":{"rendered":"<p>Campden pulver. Benyttes til \u00e5 forhindre oksidering, ta livet av eventuell villgj\u00e6r og stoppe evt p\u00e5g\u00e5ende gj\u00e6ring.<br \/>\nDette pulveret kan beyttes i vin, \u00f8l, juice, most av frukt ol. og kan ogs\u00e5 fungere som et desinfiseringsmiddel (sammen med sitronsyre)<\/p>\n<p>Inneholder kaliummetabisulfitt som er en atioksidant.<\/p>\n<p>Dosering:<br \/>\nFor \u00e5 forhindre oksidering og stoppe gj\u00e6ring: 1g \/ 10 liter<br \/>\nFor desinfisering: 1-2g Campden pulver + 0,5g sitronsyre \/ 1 liter<\/p>\n<p>Advarsel:<br \/>\nStoffet er etsende. Unng\u00e5 kontakt med huden. Benytt beskyttelse.<br \/>\nN\u00e5r stoffet blandes med sitronsyre utvikles en giftig gass. S\u00f8rg for god ventilasjon.<br \/>\nVed kontakt med hud: skyll med vann.<br \/>\nHvis inntatt oralt: kontakt lege.<\/p>","protected":false},"featured_media":18890,"comment_status":"open","ping_status":"closed","template":"","meta":[],"product_brand":[],"product_cat":[256,91],"product_tag":[],"class_list":{"0":"post-18889","1":"product","2":"type-product","3":"status-publish","4":"has-post-thumbnail","6":"product_cat-bryggeutstyr-heimabrygg","7":"product_cat-heimabrygg","9":"first","10":"outofstock","11":"taxable","12":"shipping-taxable","13":"purchasable","14":"product-type-simple"},"_links":{"self":[{"href":"https:\/\/vossgass.no\/en\/wp-json\/wp\/v2\/product\/18889","targetHints":{"allow":["GET"]}}],"collection":[{"href":"https:\/\/vossgass.no\/en\/wp-json\/wp\/v2\/product"}],"about":[{"href":"https:\/\/vossgass.no\/en\/wp-json\/wp\/v2\/types\/product"}],"replies":[{"embeddable":true,"href":"https:\/\/vossgass.no\/en\/wp-json\/wp\/v2\/comments?post=18889"}],"wp:featuredmedia":[{"embeddable":true,"href":"https:\/\/vossgass.no\/en\/wp-json\/wp\/v2\/media\/18890"}],"wp:attachment":[{"href":"https:\/\/vossgass.no\/en\/wp-json\/wp\/v2\/media?parent=18889"}],"wp:term":[{"taxonomy":"product_brand","embeddable":true,"href":"https:\/\/vossgass.no\/en\/wp-json\/wp\/v2\/product_brand?post=18889"},{"taxonomy":"product_cat","embeddable":true,"href":"https:\/\/vossgass.no\/en\/wp-json\/wp\/v2\/product_cat?post=18889"},{"taxonomy":"product_tag","embeddable":true,"href":"https:\/\/vossgass.no\/en\/wp-json\/wp\/v2\/product_tag?post=18889"}],"curies":[{"name":"wp","href":"https:\/\/api.w.org\/{rel}","templated":true}]}}