{"id":18882,"date":"2025-09-04T14:05:24","date_gmt":"2025-09-04T12:05:24","guid":{"rendered":"https:\/\/vossgass.no\/produkt\/mutter-m-gummikon-3-8\/"},"modified":"2025-12-22T15:19:18","modified_gmt":"2025-12-22T14:19:18","slug":"mutter-m-gummikon-3-8","status":"publish","type":"product","link":"https:\/\/vossgass.no\/en\/product\/mutter-m-gummikon-3-8\/","title":{"rendered":"Mutter m\/gummikon 3\/8&#8243;"},"content":{"rendered":"","protected":false},"excerpt":{"rendered":"<p>Til blokkventil for \u00e5 g\u00e5 videre med r\u00f8r &#8211; tettet i en ende<\/p>","protected":false},"featured_media":18883,"comment_status":"open","ping_status":"closed","template":"","meta":[],"product_brand":[],"product_cat":[318,618,319],"product_tag":[],"class_list":{"0":"post-18882","1":"product","2":"type-product","3":"status-publish","4":"has-post-thumbnail","6":"product_cat-gass-og-gassutstyr","7":"product_cat-koblinger-overganger","8":"product_cat-slanger-ror-fittings-gass-gassutstyr","10":"first","11":"outofstock","12":"taxable","13":"shipping-taxable","14":"purchasable","15":"product-type-simple"},"_links":{"self":[{"href":"https:\/\/vossgass.no\/en\/wp-json\/wp\/v2\/product\/18882","targetHints":{"allow":["GET"]}}],"collection":[{"href":"https:\/\/vossgass.no\/en\/wp-json\/wp\/v2\/product"}],"about":[{"href":"https:\/\/vossgass.no\/en\/wp-json\/wp\/v2\/types\/product"}],"replies":[{"embeddable":true,"href":"https:\/\/vossgass.no\/en\/wp-json\/wp\/v2\/comments?post=18882"}],"wp:featuredmedia":[{"embeddable":true,"href":"https:\/\/vossgass.no\/en\/wp-json\/wp\/v2\/media\/18883"}],"wp:attachment":[{"href":"https:\/\/vossgass.no\/en\/wp-json\/wp\/v2\/media?parent=18882"}],"wp:term":[{"taxonomy":"product_brand","embeddable":true,"href":"https:\/\/vossgass.no\/en\/wp-json\/wp\/v2\/product_brand?post=18882"},{"taxonomy":"product_cat","embeddable":true,"href":"https:\/\/vossgass.no\/en\/wp-json\/wp\/v2\/product_cat?post=18882"},{"taxonomy":"product_tag","embeddable":true,"href":"https:\/\/vossgass.no\/en\/wp-json\/wp\/v2\/product_tag?post=18882"}],"curies":[{"name":"wp","href":"https:\/\/api.w.org\/{rel}","templated":true}]}}