{"id":18779,"date":"2025-08-29T16:09:36","date_gmt":"2025-08-29T14:09:36","guid":{"rendered":"https:\/\/vossgass.no\/produkt\/aqua-rinse-spray-500ml-for-toalettskal\/"},"modified":"2026-02-10T11:07:14","modified_gmt":"2026-02-10T10:07:14","slug":"aqua-rinse-spray-500ml-for-toalettskal","status":"publish","type":"product","link":"https:\/\/vossgass.no\/en\/product\/aqua-rinse-spray-500ml-for-toalettskal\/","title":{"rendered":"Aqua Rinse Spray 500ml for toalettsk\u00e5l"},"content":{"rendered":"","protected":false},"excerpt":{"rendered":"<p>Aqua Rinse Spray er utviklet spesielt for bruk i kassettoaletter koblet til den sentrale vanntanken (hovedsakelig bobiler). Middelet sprayes inne i sk\u00e5len f\u00f8r man benytter kassettoalettet og gir en frisk spyling og holder d\u00e5rlig lukt borte. Den etterlater ogs\u00e5 et beskyttende belegg i toalettsk\u00e5len og gir en jevn spyling. Aqua Rinse Spray er sikker for septiske tanker (ISO 11734-test), bidrar til \u00e5 minske antallet skyllinger og sm\u00f8rer ogs\u00e5 toalettpakningene og forhindrer flekker.<\/p>\n<p>Kemikalier: F\u00f6r toalettsk\u00e5len<br \/>\nMerke: Thetford<\/p>","protected":false},"featured_media":18830,"comment_status":"open","ping_status":"closed","template":"","meta":[],"product_brand":[],"product_cat":[260,498],"product_tag":[],"class_list":{"0":"post-18779","1":"product","2":"type-product","3":"status-publish","4":"has-post-thumbnail","6":"product_cat-hytte-camping-fritid","7":"product_cat-toalett-vann-avlop","9":"first","10":"instock","11":"taxable","12":"shipping-taxable","13":"purchasable","14":"product-type-simple"},"_links":{"self":[{"href":"https:\/\/vossgass.no\/en\/wp-json\/wp\/v2\/product\/18779","targetHints":{"allow":["GET"]}}],"collection":[{"href":"https:\/\/vossgass.no\/en\/wp-json\/wp\/v2\/product"}],"about":[{"href":"https:\/\/vossgass.no\/en\/wp-json\/wp\/v2\/types\/product"}],"replies":[{"embeddable":true,"href":"https:\/\/vossgass.no\/en\/wp-json\/wp\/v2\/comments?post=18779"}],"wp:featuredmedia":[{"embeddable":true,"href":"https:\/\/vossgass.no\/en\/wp-json\/wp\/v2\/media\/18830"}],"wp:attachment":[{"href":"https:\/\/vossgass.no\/en\/wp-json\/wp\/v2\/media?parent=18779"}],"wp:term":[{"taxonomy":"product_brand","embeddable":true,"href":"https:\/\/vossgass.no\/en\/wp-json\/wp\/v2\/product_brand?post=18779"},{"taxonomy":"product_cat","embeddable":true,"href":"https:\/\/vossgass.no\/en\/wp-json\/wp\/v2\/product_cat?post=18779"},{"taxonomy":"product_tag","embeddable":true,"href":"https:\/\/vossgass.no\/en\/wp-json\/wp\/v2\/product_tag?post=18779"}],"curies":[{"name":"wp","href":"https:\/\/api.w.org\/{rel}","templated":true}]}}