{"id":18761,"date":"2025-08-29T16:08:16","date_gmt":"2025-08-29T14:08:16","guid":{"rendered":"https:\/\/vossgass.no\/produkt\/click-on-adapter-til-hoy-trykkslanger-g2-w218mm\/"},"modified":"2026-02-10T14:41:45","modified_gmt":"2026-02-10T13:41:45","slug":"click-on-adapter-til-hoy-trykkslanger-g2-w218mm","status":"publish","type":"product","link":"https:\/\/vossgass.no\/en\/product\/click-on-adapter-til-hoy-trykkslanger-g2-w218mm\/","title":{"rendered":"Click-on adapter til h\u00f8y-trykkslanger G2 W21,8mm"},"content":{"rendered":"","protected":false},"excerpt":{"rendered":"<p>Click-On adapter for h\u00f8ytrykksslange. Trykk: 2 bar. Str\u00f8mning: 2 kg\/h. <\/p>\n<p>Gjenge: G2 W21,8&#215;1,814 LH \u00d835 (G56).<\/p>","protected":false},"featured_media":18820,"comment_status":"open","ping_status":"closed","template":"","meta":[],"product_brand":[],"product_cat":[318,456,452],"product_tag":[],"class_list":{"0":"post-18761","1":"product","2":"type-product","3":"status-publish","4":"has-post-thumbnail","6":"product_cat-gass-og-gassutstyr","7":"product_cat-hoytrykk-regulatorer-overganger","8":"product_cat-regulatorer-overganger","10":"first","11":"instock","12":"taxable","13":"shipping-taxable","14":"purchasable","15":"product-type-simple"},"_links":{"self":[{"href":"https:\/\/vossgass.no\/en\/wp-json\/wp\/v2\/product\/18761","targetHints":{"allow":["GET"]}}],"collection":[{"href":"https:\/\/vossgass.no\/en\/wp-json\/wp\/v2\/product"}],"about":[{"href":"https:\/\/vossgass.no\/en\/wp-json\/wp\/v2\/types\/product"}],"replies":[{"embeddable":true,"href":"https:\/\/vossgass.no\/en\/wp-json\/wp\/v2\/comments?post=18761"}],"wp:featuredmedia":[{"embeddable":true,"href":"https:\/\/vossgass.no\/en\/wp-json\/wp\/v2\/media\/18820"}],"wp:attachment":[{"href":"https:\/\/vossgass.no\/en\/wp-json\/wp\/v2\/media?parent=18761"}],"wp:term":[{"taxonomy":"product_brand","embeddable":true,"href":"https:\/\/vossgass.no\/en\/wp-json\/wp\/v2\/product_brand?post=18761"},{"taxonomy":"product_cat","embeddable":true,"href":"https:\/\/vossgass.no\/en\/wp-json\/wp\/v2\/product_cat?post=18761"},{"taxonomy":"product_tag","embeddable":true,"href":"https:\/\/vossgass.no\/en\/wp-json\/wp\/v2\/product_tag?post=18761"}],"curies":[{"name":"wp","href":"https:\/\/api.w.org\/{rel}","templated":true}]}}