{"id":18760,"date":"2025-08-29T16:08:12","date_gmt":"2025-08-29T14:08:12","guid":{"rendered":"https:\/\/vossgass.no\/produkt\/nukatap-shank-til-tappetarn-blank-duotight-kompatibel-rustfritt-stal\/"},"modified":"2026-02-10T15:51:14","modified_gmt":"2026-02-10T14:51:14","slug":"nukatap-shank-til-tappetarn-blank-duotight-kompatibel-rustfritt-stal","status":"publish","type":"product","link":"https:\/\/vossgass.no\/en\/product\/nukatap-shank-til-tappetarn-blank-duotight-kompatibel-rustfritt-stal\/","title":{"rendered":"Nukatap Shank til tappet\u00e5rn &#8211; Blank Duotight kompatibel. Rustfritt st\u00e5l"},"content":{"rendered":"","protected":false},"excerpt":{"rendered":"<p>Nukatap \/ Intertap shank, for montering av tappekran p\u00e5 tappet\u00e5rn. Passer ogs\u00e5 til andre tilsvarende tappekraner, som de fleste kraner fra Krome og Perlick. Denne har ikke slangenippel, men et spor som gj\u00f8r at den er kompatibel med 6,35mm (1\/4&#8243;) Duotight hurtigkobling.<\/p>\n<p>Inneholder:<\/p>\n<p>kort shank med en 6,35mm Duotight kompatibel nippel i 90 grader vinkel.<br \/>\ninnfesting for tappekran<br \/>\nutvendig og innvendig krave som passer til tappet\u00e5rnes kurvatur<br \/>\ninnvendig mutter<\/p>","protected":false},"featured_media":18819,"comment_status":"open","ping_status":"closed","template":"","meta":[],"product_brand":[],"product_cat":[256,91],"product_tag":[],"class_list":{"0":"post-18760","1":"product","2":"type-product","3":"status-publish","4":"has-post-thumbnail","6":"product_cat-bryggeutstyr-heimabrygg","7":"product_cat-heimabrygg","9":"first","10":"instock","11":"taxable","12":"shipping-taxable","13":"purchasable","14":"product-type-simple"},"_links":{"self":[{"href":"https:\/\/vossgass.no\/en\/wp-json\/wp\/v2\/product\/18760","targetHints":{"allow":["GET"]}}],"collection":[{"href":"https:\/\/vossgass.no\/en\/wp-json\/wp\/v2\/product"}],"about":[{"href":"https:\/\/vossgass.no\/en\/wp-json\/wp\/v2\/types\/product"}],"replies":[{"embeddable":true,"href":"https:\/\/vossgass.no\/en\/wp-json\/wp\/v2\/comments?post=18760"}],"wp:featuredmedia":[{"embeddable":true,"href":"https:\/\/vossgass.no\/en\/wp-json\/wp\/v2\/media\/18819"}],"wp:attachment":[{"href":"https:\/\/vossgass.no\/en\/wp-json\/wp\/v2\/media?parent=18760"}],"wp:term":[{"taxonomy":"product_brand","embeddable":true,"href":"https:\/\/vossgass.no\/en\/wp-json\/wp\/v2\/product_brand?post=18760"},{"taxonomy":"product_cat","embeddable":true,"href":"https:\/\/vossgass.no\/en\/wp-json\/wp\/v2\/product_cat?post=18760"},{"taxonomy":"product_tag","embeddable":true,"href":"https:\/\/vossgass.no\/en\/wp-json\/wp\/v2\/product_tag?post=18760"}],"curies":[{"name":"wp","href":"https:\/\/api.w.org\/{rel}","templated":true}]}}