{"id":18749,"date":"2025-08-29T16:07:22","date_gmt":"2025-08-29T14:07:22","guid":{"rendered":"https:\/\/vossgass.no\/produkt\/gassboks-227-gr-bajonett\/"},"modified":"2026-04-27T14:42:42","modified_gmt":"2026-04-27T12:42:42","slug":"gassboks-227-gr-bajonett","status":"publish","type":"product","link":"https:\/\/vossgass.no\/en\/product\/gassboks-227-gr-bajonett\/","title":{"rendered":"Gassboks 227 gr Bajonett"},"content":{"rendered":"","protected":false},"excerpt":{"rendered":"<p>M\u00c5 HENTAST I BUTIKKEN ELLER AVTALE ALTERNATIV L\u00d8YSING f\u00f8r kj\u00f8p. <\/p>\n<p>Gassboks med bajonett tilkobling. Brukes i kokeapparater, ovner og griller hvor gassflaske ligger inne i apparatet.<\/p>\n<p>Innhold: 227g<br \/>\nGassblanding: Butan<br \/>\nTilkobling: Bajonett<\/p>","protected":false},"featured_media":18812,"comment_status":"open","ping_status":"closed","template":"","meta":[],"product_brand":[],"product_cat":[318,459,603],"product_tag":[],"class_list":{"0":"post-18749","1":"product","2":"type-product","3":"status-publish","4":"has-post-thumbnail","6":"product_cat-gass-og-gassutstyr","7":"product_cat-gassflaskerer-propan","8":"product_cat-nykjop","9":"product_shipping_class-kan-ikke-sendes","11":"first","12":"instock","13":"taxable","14":"shipping-taxable","15":"purchasable","16":"product-type-simple"},"_links":{"self":[{"href":"https:\/\/vossgass.no\/en\/wp-json\/wp\/v2\/product\/18749","targetHints":{"allow":["GET"]}}],"collection":[{"href":"https:\/\/vossgass.no\/en\/wp-json\/wp\/v2\/product"}],"about":[{"href":"https:\/\/vossgass.no\/en\/wp-json\/wp\/v2\/types\/product"}],"replies":[{"embeddable":true,"href":"https:\/\/vossgass.no\/en\/wp-json\/wp\/v2\/comments?post=18749"}],"wp:featuredmedia":[{"embeddable":true,"href":"https:\/\/vossgass.no\/en\/wp-json\/wp\/v2\/media\/18812"}],"wp:attachment":[{"href":"https:\/\/vossgass.no\/en\/wp-json\/wp\/v2\/media?parent=18749"}],"wp:term":[{"taxonomy":"product_brand","embeddable":true,"href":"https:\/\/vossgass.no\/en\/wp-json\/wp\/v2\/product_brand?post=18749"},{"taxonomy":"product_cat","embeddable":true,"href":"https:\/\/vossgass.no\/en\/wp-json\/wp\/v2\/product_cat?post=18749"},{"taxonomy":"product_tag","embeddable":true,"href":"https:\/\/vossgass.no\/en\/wp-json\/wp\/v2\/product_tag?post=18749"}],"curies":[{"name":"wp","href":"https:\/\/api.w.org\/{rel}","templated":true}]}}