{"id":18742,"date":"2025-08-29T16:06:52","date_gmt":"2025-08-29T14:06:52","guid":{"rendered":"https:\/\/vossgass.no\/produkt\/blowtie-spunding-valve-kit-0-15psi\/"},"modified":"2026-02-11T12:42:41","modified_gmt":"2026-02-11T11:42:41","slug":"blowtie-spunding-valve-kit-0-15psi","status":"publish","type":"product","link":"https:\/\/vossgass.no\/en\/product\/blowtie-spunding-valve-kit-0-15psi\/","title":{"rendered":"Blowtie Spunding Valve Kit (0-15psi)"},"content":{"rendered":"","protected":false},"excerpt":{"rendered":"<p>Ferdig sammensatt kit med Ball lock kobling og overtrykksventil med manometer. \u00d8nsker du \u00e5 gj\u00e6re under trykk p\u00e5 f.eks FermZilla, er dette l\u00f8sningen for deg! Justeringsskruen p\u00e5 ventilen gj\u00f8r det enkelt \u00e5 \u00f8ke eller senke det innstilte trykket.<br \/>\nDelene kan enkelt demonteres for rengj\u00f8ring.<\/p>\n<p>Inkludert:<\/p>\n<p>1x BlowTie 2 Spunding Valve med 0-15psi manometer (kan byttes ut)<br \/>\n1x Duotight 8mm Ball Lock for CO2<br \/>\n1x Mellomstykke 8mm (5\/16&#8243;)<\/p>","protected":false},"featured_media":18807,"comment_status":"open","ping_status":"closed","template":"","meta":[],"product_brand":[],"product_cat":[256,91],"product_tag":[],"class_list":{"0":"post-18742","1":"product","2":"type-product","3":"status-publish","4":"has-post-thumbnail","6":"product_cat-bryggeutstyr-heimabrygg","7":"product_cat-heimabrygg","9":"first","10":"outofstock","11":"taxable","12":"shipping-taxable","13":"purchasable","14":"product-type-simple"},"_links":{"self":[{"href":"https:\/\/vossgass.no\/en\/wp-json\/wp\/v2\/product\/18742","targetHints":{"allow":["GET"]}}],"collection":[{"href":"https:\/\/vossgass.no\/en\/wp-json\/wp\/v2\/product"}],"about":[{"href":"https:\/\/vossgass.no\/en\/wp-json\/wp\/v2\/types\/product"}],"replies":[{"embeddable":true,"href":"https:\/\/vossgass.no\/en\/wp-json\/wp\/v2\/comments?post=18742"}],"wp:featuredmedia":[{"embeddable":true,"href":"https:\/\/vossgass.no\/en\/wp-json\/wp\/v2\/media\/18807"}],"wp:attachment":[{"href":"https:\/\/vossgass.no\/en\/wp-json\/wp\/v2\/media?parent=18742"}],"wp:term":[{"taxonomy":"product_brand","embeddable":true,"href":"https:\/\/vossgass.no\/en\/wp-json\/wp\/v2\/product_brand?post=18742"},{"taxonomy":"product_cat","embeddable":true,"href":"https:\/\/vossgass.no\/en\/wp-json\/wp\/v2\/product_cat?post=18742"},{"taxonomy":"product_tag","embeddable":true,"href":"https:\/\/vossgass.no\/en\/wp-json\/wp\/v2\/product_tag?post=18742"}],"curies":[{"name":"wp","href":"https:\/\/api.w.org\/{rel}","templated":true}]}}