{"id":18731,"date":"2025-08-29T16:06:04","date_gmt":"2025-08-29T14:06:04","guid":{"rendered":"https:\/\/vossgass.no\/produkt\/halsror-200-mm-stal-grun\/"},"modified":"2026-01-13T11:47:05","modified_gmt":"2026-01-13T10:47:05","slug":"halsror-200-mm-stal-grun","status":"publish","type":"product","link":"https:\/\/vossgass.no\/en\/product\/halsror-200-mm-stal-grun\/","title":{"rendered":"Halsr\u00f8r 200 mm, st\u00e5l Gr\u00fcn"},"content":{"rendered":"","protected":false},"excerpt":{"rendered":"<p>Halsr\u00f8r 200 mm, st\u00e5l Gr\u00fcn<\/p>","protected":false},"featured_media":0,"comment_status":"open","ping_status":"closed","template":"","meta":[],"product_brand":[],"product_cat":[318,476],"product_tag":[],"class_list":{"0":"post-18731","1":"product","2":"type-product","3":"status-publish","5":"product_cat-gass-og-gassutstyr","6":"product_cat-handbrennere","8":"first","9":"instock","10":"taxable","11":"shipping-taxable","12":"purchasable","13":"product-type-simple"},"_links":{"self":[{"href":"https:\/\/vossgass.no\/en\/wp-json\/wp\/v2\/product\/18731","targetHints":{"allow":["GET"]}}],"collection":[{"href":"https:\/\/vossgass.no\/en\/wp-json\/wp\/v2\/product"}],"about":[{"href":"https:\/\/vossgass.no\/en\/wp-json\/wp\/v2\/types\/product"}],"replies":[{"embeddable":true,"href":"https:\/\/vossgass.no\/en\/wp-json\/wp\/v2\/comments?post=18731"}],"wp:attachment":[{"href":"https:\/\/vossgass.no\/en\/wp-json\/wp\/v2\/media?parent=18731"}],"wp:term":[{"taxonomy":"product_brand","embeddable":true,"href":"https:\/\/vossgass.no\/en\/wp-json\/wp\/v2\/product_brand?post=18731"},{"taxonomy":"product_cat","embeddable":true,"href":"https:\/\/vossgass.no\/en\/wp-json\/wp\/v2\/product_cat?post=18731"},{"taxonomy":"product_tag","embeddable":true,"href":"https:\/\/vossgass.no\/en\/wp-json\/wp\/v2\/product_tag?post=18731"}],"curies":[{"name":"wp","href":"https:\/\/api.w.org\/{rel}","templated":true}]}}