{"id":18723,"date":"2025-08-29T16:05:30","date_gmt":"2025-08-29T14:05:30","guid":{"rendered":"https:\/\/vossgass.no\/produkt\/bord-nova-led\/"},"modified":"2026-02-19T12:28:09","modified_gmt":"2026-02-19T11:28:09","slug":"bord-nova-led","status":"publish","type":"product","link":"https:\/\/vossgass.no\/en\/product\/bord-nova-led\/","title":{"rendered":"Bord Nova Led"},"content":{"rendered":"","protected":false},"excerpt":{"rendered":"<p>Flott 3 delt bord som du bare kan hekte p\u00e5 din Nova LED uten verkt\u00f8y. Passer b\u00e5de L og M. Du kan bruke 1, 2 eller 3 samtidig.<\/p>\n<p>Stabilt, tredelt oppbevaringsbord som passer for NOVA\u00ae-serien<br \/>\nMontering uten verkt\u00f8y av de 3 elementene<br \/>\nLaget av plast som t\u00e5ler v\u00e6r og vind<\/p>","protected":false},"featured_media":18795,"comment_status":"open","ping_status":"closed","template":"","meta":[],"product_brand":[],"product_cat":[630,260],"product_tag":[],"class_list":{"0":"post-18723","1":"product","2":"type-product","3":"status-publish","4":"has-post-thumbnail","6":"product_cat-camping-bobilutsyr","7":"product_cat-hytte-camping-fritid","9":"first","10":"instock","11":"taxable","12":"shipping-taxable","13":"purchasable","14":"product-type-simple"},"_links":{"self":[{"href":"https:\/\/vossgass.no\/en\/wp-json\/wp\/v2\/product\/18723","targetHints":{"allow":["GET"]}}],"collection":[{"href":"https:\/\/vossgass.no\/en\/wp-json\/wp\/v2\/product"}],"about":[{"href":"https:\/\/vossgass.no\/en\/wp-json\/wp\/v2\/types\/product"}],"replies":[{"embeddable":true,"href":"https:\/\/vossgass.no\/en\/wp-json\/wp\/v2\/comments?post=18723"}],"wp:featuredmedia":[{"embeddable":true,"href":"https:\/\/vossgass.no\/en\/wp-json\/wp\/v2\/media\/18795"}],"wp:attachment":[{"href":"https:\/\/vossgass.no\/en\/wp-json\/wp\/v2\/media?parent=18723"}],"wp:term":[{"taxonomy":"product_brand","embeddable":true,"href":"https:\/\/vossgass.no\/en\/wp-json\/wp\/v2\/product_brand?post=18723"},{"taxonomy":"product_cat","embeddable":true,"href":"https:\/\/vossgass.no\/en\/wp-json\/wp\/v2\/product_cat?post=18723"},{"taxonomy":"product_tag","embeddable":true,"href":"https:\/\/vossgass.no\/en\/wp-json\/wp\/v2\/product_tag?post=18723"}],"curies":[{"name":"wp","href":"https:\/\/api.w.org\/{rel}","templated":true}]}}