{"id":18721,"date":"2025-08-29T16:05:21","date_gmt":"2025-08-29T14:05:21","guid":{"rendered":"https:\/\/vossgass.no\/produkt\/gummipropp-til-glassballong-konisk-38x30mm-hoyde-40mm\/"},"modified":"2026-02-19T12:31:04","modified_gmt":"2026-02-19T11:31:04","slug":"gummipropp-til-glassballong-konisk-38x30mm-hoyde-40mm","status":"publish","type":"product","link":"https:\/\/vossgass.no\/en\/product\/gummipropp-til-glassballong-konisk-38x30mm-hoyde-40mm\/","title":{"rendered":"Gummipropp til glassballong Konisk 38x30mm &#8211; H\u00f8yde 40mm"},"content":{"rendered":"","protected":false},"excerpt":{"rendered":"<p>Konisk gummipropp som g\u00e5r fra 38 til 30mm. 40mm h\u00f8y.<\/p>\n<p>Det er et 10mm hull til gj\u00e6rl\u00e5s, men dette g\u00e5r ikke helt igjennom.<\/p>\n<p>Proppen leveres solid, men det skal ikke mye til \u00e5 fjerne det lille som er igjen og du f\u00e5r et hull tvers igjennom.<\/p>","protected":false},"featured_media":18793,"comment_status":"open","ping_status":"closed","template":"","meta":[],"product_brand":[],"product_cat":[256,91],"product_tag":[],"class_list":{"0":"post-18721","1":"product","2":"type-product","3":"status-publish","4":"has-post-thumbnail","6":"product_cat-bryggeutstyr-heimabrygg","7":"product_cat-heimabrygg","9":"first","10":"instock","11":"taxable","12":"shipping-taxable","13":"purchasable","14":"product-type-simple"},"_links":{"self":[{"href":"https:\/\/vossgass.no\/en\/wp-json\/wp\/v2\/product\/18721","targetHints":{"allow":["GET"]}}],"collection":[{"href":"https:\/\/vossgass.no\/en\/wp-json\/wp\/v2\/product"}],"about":[{"href":"https:\/\/vossgass.no\/en\/wp-json\/wp\/v2\/types\/product"}],"replies":[{"embeddable":true,"href":"https:\/\/vossgass.no\/en\/wp-json\/wp\/v2\/comments?post=18721"}],"wp:featuredmedia":[{"embeddable":true,"href":"https:\/\/vossgass.no\/en\/wp-json\/wp\/v2\/media\/18793"}],"wp:attachment":[{"href":"https:\/\/vossgass.no\/en\/wp-json\/wp\/v2\/media?parent=18721"}],"wp:term":[{"taxonomy":"product_brand","embeddable":true,"href":"https:\/\/vossgass.no\/en\/wp-json\/wp\/v2\/product_brand?post=18721"},{"taxonomy":"product_cat","embeddable":true,"href":"https:\/\/vossgass.no\/en\/wp-json\/wp\/v2\/product_cat?post=18721"},{"taxonomy":"product_tag","embeddable":true,"href":"https:\/\/vossgass.no\/en\/wp-json\/wp\/v2\/product_tag?post=18721"}],"curies":[{"name":"wp","href":"https:\/\/api.w.org\/{rel}","templated":true}]}}