{"id":18717,"date":"2025-08-29T16:05:02","date_gmt":"2025-08-29T14:05:02","guid":{"rendered":"https:\/\/vossgass.no\/produkt\/4885-blanc-nogne-o\/"},"modified":"2026-02-19T12:36:20","modified_gmt":"2026-02-19T11:36:20","slug":"4885-blanc-nogne-o","status":"publish","type":"product","link":"https:\/\/vossgass.no\/en\/product\/4885-blanc-nogne-o\/","title":{"rendered":"4885 Blanc, N\u00f8gne \u00d8"},"content":{"rendered":"","protected":false},"excerpt":{"rendered":"<p>N\u00f8gne \u00d8 4885 Belgisk Blanc er en klassisk belgisk hvete\u00f8l krydret med appelsinskall og koriander. Lys, frisk og lett syrlig \u00f8l som passer perfekt til sj\u00f8mat<\/p>","protected":false},"featured_media":18790,"comment_status":"open","ping_status":"closed","template":"","meta":[],"product_brand":[],"product_cat":[620,91,259],"product_tag":[],"class_list":{"0":"post-18717","1":"product","2":"type-product","3":"status-publish","4":"has-post-thumbnail","6":"product_cat-allgrain-sett","7":"product_cat-heimabrygg","8":"product_cat-ol-cidersett","10":"first","11":"instock","12":"taxable","13":"shipping-taxable","14":"purchasable","15":"product-type-simple"},"_links":{"self":[{"href":"https:\/\/vossgass.no\/en\/wp-json\/wp\/v2\/product\/18717","targetHints":{"allow":["GET"]}}],"collection":[{"href":"https:\/\/vossgass.no\/en\/wp-json\/wp\/v2\/product"}],"about":[{"href":"https:\/\/vossgass.no\/en\/wp-json\/wp\/v2\/types\/product"}],"replies":[{"embeddable":true,"href":"https:\/\/vossgass.no\/en\/wp-json\/wp\/v2\/comments?post=18717"}],"wp:featuredmedia":[{"embeddable":true,"href":"https:\/\/vossgass.no\/en\/wp-json\/wp\/v2\/media\/18790"}],"wp:attachment":[{"href":"https:\/\/vossgass.no\/en\/wp-json\/wp\/v2\/media?parent=18717"}],"wp:term":[{"taxonomy":"product_brand","embeddable":true,"href":"https:\/\/vossgass.no\/en\/wp-json\/wp\/v2\/product_brand?post=18717"},{"taxonomy":"product_cat","embeddable":true,"href":"https:\/\/vossgass.no\/en\/wp-json\/wp\/v2\/product_cat?post=18717"},{"taxonomy":"product_tag","embeddable":true,"href":"https:\/\/vossgass.no\/en\/wp-json\/wp\/v2\/product_tag?post=18717"}],"curies":[{"name":"wp","href":"https:\/\/api.w.org\/{rel}","templated":true}]}}