{"id":18712,"date":"2025-08-29T16:04:39","date_gmt":"2025-08-29T14:04:39","guid":{"rendered":"https:\/\/vossgass.no\/produkt\/porta-potti-qube-145\/"},"modified":"2026-02-19T13:02:03","modified_gmt":"2026-02-19T12:02:03","slug":"porta-potti-qube-145","status":"publish","type":"product","link":"https:\/\/vossgass.no\/en\/product\/porta-potti-qube-145\/","title":{"rendered":"Porta Potti Qube 145"},"content":{"rendered":"","protected":false},"excerpt":{"rendered":"<p>* Toaletter som tilfredsstiller \u00f8nsker og krav for lave og middelh\u00f8ye portable toaletter. <\/p>\n<p>* Porta Potti Qube gir en merverdi for sluttbruker som setter pris p\u00e5 design, h\u00f8y kvalitet og bra produktegenskaper. <\/p>\n<p>* Moderne, frisk utforming, forbedret h\u00e5ndtak for t\u00f8mmeventil og b\u00e6reh\u00e5ndtak p\u00e5 avfallstanken.<\/p>\n<p>* Integrert l\u00e5s og bedre sittekomfort. <\/p>\n<p>* Modellene 345 og 365 har indikator for avfallstanken.<\/p>\n<p>\u2022 Seteh\u00f8yde: 324 cm.<br \/>\n\u2022 Med belgpumpe.<br \/>\n\u2022 Avfallstank: 12 liter.<br \/>\n\u2022 Skyllevanntank: 15 liter.<\/p>\n<p>Merke: Thetford<\/p>\n<p>Bredde: 383 cm<br \/>\nH\u00f8yde: 330 cm<br \/>\nDybde: 427 cm<\/p>\n<p>Vekt: 3,6 kg<\/p>","protected":false},"featured_media":18785,"comment_status":"open","ping_status":"closed","template":"","meta":[],"product_brand":[],"product_cat":[260,498],"product_tag":[],"class_list":{"0":"post-18712","1":"product","2":"type-product","3":"status-publish","4":"has-post-thumbnail","6":"product_cat-hytte-camping-fritid","7":"product_cat-toalett-vann-avlop","9":"first","10":"instock","11":"taxable","12":"shipping-taxable","13":"purchasable","14":"product-type-simple"},"_links":{"self":[{"href":"https:\/\/vossgass.no\/en\/wp-json\/wp\/v2\/product\/18712","targetHints":{"allow":["GET"]}}],"collection":[{"href":"https:\/\/vossgass.no\/en\/wp-json\/wp\/v2\/product"}],"about":[{"href":"https:\/\/vossgass.no\/en\/wp-json\/wp\/v2\/types\/product"}],"replies":[{"embeddable":true,"href":"https:\/\/vossgass.no\/en\/wp-json\/wp\/v2\/comments?post=18712"}],"wp:featuredmedia":[{"embeddable":true,"href":"https:\/\/vossgass.no\/en\/wp-json\/wp\/v2\/media\/18785"}],"wp:attachment":[{"href":"https:\/\/vossgass.no\/en\/wp-json\/wp\/v2\/media?parent=18712"}],"wp:term":[{"taxonomy":"product_brand","embeddable":true,"href":"https:\/\/vossgass.no\/en\/wp-json\/wp\/v2\/product_brand?post=18712"},{"taxonomy":"product_cat","embeddable":true,"href":"https:\/\/vossgass.no\/en\/wp-json\/wp\/v2\/product_cat?post=18712"},{"taxonomy":"product_tag","embeddable":true,"href":"https:\/\/vossgass.no\/en\/wp-json\/wp\/v2\/product_tag?post=18712"}],"curies":[{"name":"wp","href":"https:\/\/api.w.org\/{rel}","templated":true}]}}