{"id":18688,"date":"2025-08-28T19:49:27","date_gmt":"2025-08-28T17:49:27","guid":{"rendered":"https:\/\/vossgass.no\/produkt\/rentbrennende-innsats-til-balpanne\/"},"modified":"2026-04-13T23:59:43","modified_gmt":"2026-04-13T21:59:43","slug":"rentbrennende-innsats-til-balpanne","status":"publish","type":"product","link":"https:\/\/vossgass.no\/en\/product\/rentbrennende-innsats-til-balpanne\/","title":{"rendered":"Rentbrennende innsats til b\u00e5lpanne"},"content":{"rendered":"","protected":false},"excerpt":{"rendered":"<p>Opplev forskjellen! Plasser denne enheten i din eksisterende b\u00e5lpanne og du vil straks f\u00e5 renere forbrenning, en mer intens varme og langt mindre r\u00f8yk enn det du er vant til. Passer til de fleste b\u00e5lpanner p\u00e5 markedet.<\/p>","protected":false},"featured_media":18701,"comment_status":"open","ping_status":"closed","template":"","meta":[],"product_brand":[],"product_cat":[630,260],"product_tag":[],"class_list":{"0":"post-18688","1":"product","2":"type-product","3":"status-publish","4":"has-post-thumbnail","6":"product_cat-camping-bobilutsyr","7":"product_cat-hytte-camping-fritid","9":"first","10":"outofstock","11":"featured","12":"taxable","13":"shipping-taxable","14":"purchasable","15":"product-type-simple"},"_links":{"self":[{"href":"https:\/\/vossgass.no\/en\/wp-json\/wp\/v2\/product\/18688","targetHints":{"allow":["GET"]}}],"collection":[{"href":"https:\/\/vossgass.no\/en\/wp-json\/wp\/v2\/product"}],"about":[{"href":"https:\/\/vossgass.no\/en\/wp-json\/wp\/v2\/types\/product"}],"replies":[{"embeddable":true,"href":"https:\/\/vossgass.no\/en\/wp-json\/wp\/v2\/comments?post=18688"}],"wp:featuredmedia":[{"embeddable":true,"href":"https:\/\/vossgass.no\/en\/wp-json\/wp\/v2\/media\/18701"}],"wp:attachment":[{"href":"https:\/\/vossgass.no\/en\/wp-json\/wp\/v2\/media?parent=18688"}],"wp:term":[{"taxonomy":"product_brand","embeddable":true,"href":"https:\/\/vossgass.no\/en\/wp-json\/wp\/v2\/product_brand?post=18688"},{"taxonomy":"product_cat","embeddable":true,"href":"https:\/\/vossgass.no\/en\/wp-json\/wp\/v2\/product_cat?post=18688"},{"taxonomy":"product_tag","embeddable":true,"href":"https:\/\/vossgass.no\/en\/wp-json\/wp\/v2\/product_tag?post=18688"}],"curies":[{"name":"wp","href":"https:\/\/api.w.org\/{rel}","templated":true}]}}