{"id":18684,"date":"2025-08-28T19:49:10","date_gmt":"2025-08-28T17:49:10","guid":{"rendered":"https:\/\/vossgass.no\/produkt\/trinol-810-insektsmiddel\/"},"modified":"2026-02-19T13:05:55","modified_gmt":"2026-02-19T12:05:55","slug":"trinol-810-insektsmiddel","status":"publish","type":"product","link":"https:\/\/vossgass.no\/en\/product\/trinol-810-insektsmiddel\/","title":{"rendered":"Trinol 810 insektsmiddel"},"content":{"rendered":"","protected":false},"excerpt":{"rendered":"<p>Trinol insektmiddel er oljebasert, og gir en h\u00f8y \u00f8yeblikkelig effekt og god langtidvirkendeseffekt. Fint \u00e5 bruke dirkete p\u00e5 skadedyrene, tuene, bolene osv, der du \u00f8nsker \u00f8yeblikkelig virkning. Produktet kan brukes mot absolutt alle typer av insekter som for eksempel direkte p\u00e5 stokkmaursamfunn, skogsmaurtuer og andre maur, fluer, kakerlakker, veggedyr, s\u00f8lvkre, biller, lopper, edderkopper osv. Fungerer ogs\u00e5 som maurmiddel ute p\u00e5 maurtuer.<\/p>","protected":false},"featured_media":0,"comment_status":"open","ping_status":"closed","template":"","meta":[],"product_brand":[],"product_cat":[260],"product_tag":[],"class_list":{"0":"post-18684","1":"product","2":"type-product","3":"status-publish","5":"product_cat-hytte-camping-fritid","7":"first","8":"instock","9":"taxable","10":"shipping-taxable","11":"purchasable","12":"product-type-simple"},"_links":{"self":[{"href":"https:\/\/vossgass.no\/en\/wp-json\/wp\/v2\/product\/18684","targetHints":{"allow":["GET"]}}],"collection":[{"href":"https:\/\/vossgass.no\/en\/wp-json\/wp\/v2\/product"}],"about":[{"href":"https:\/\/vossgass.no\/en\/wp-json\/wp\/v2\/types\/product"}],"replies":[{"embeddable":true,"href":"https:\/\/vossgass.no\/en\/wp-json\/wp\/v2\/comments?post=18684"}],"wp:attachment":[{"href":"https:\/\/vossgass.no\/en\/wp-json\/wp\/v2\/media?parent=18684"}],"wp:term":[{"taxonomy":"product_brand","embeddable":true,"href":"https:\/\/vossgass.no\/en\/wp-json\/wp\/v2\/product_brand?post=18684"},{"taxonomy":"product_cat","embeddable":true,"href":"https:\/\/vossgass.no\/en\/wp-json\/wp\/v2\/product_cat?post=18684"},{"taxonomy":"product_tag","embeddable":true,"href":"https:\/\/vossgass.no\/en\/wp-json\/wp\/v2\/product_tag?post=18684"}],"curies":[{"name":"wp","href":"https:\/\/api.w.org\/{rel}","templated":true}]}}