{"id":18671,"date":"2025-08-28T19:45:51","date_gmt":"2025-08-28T17:45:51","guid":{"rendered":"https:\/\/vossgass.no\/produkt\/urinova-hygieneveske-05l\/"},"modified":"2025-12-12T15:11:55","modified_gmt":"2025-12-12T14:11:55","slug":"urinova-hygieneveske-05l","status":"publish","type":"product","link":"https:\/\/vossgass.no\/en\/product\/urinova-hygieneveske-05l\/","title":{"rendered":"Urinova Hygieneveske 0,5L"},"content":{"rendered":"","protected":false},"excerpt":{"rendered":"<p>Ethanolbasert frostv\u00e6ske som i tillegg til \u00e5 fjerne rester av urin i urinaler ogs\u00e5 etterlater seg en frisk duft. <\/p>\n<p>Holder toaletter og urinaler frostsikre og hygieniske<\/p>","protected":false},"featured_media":18691,"comment_status":"open","ping_status":"closed","template":"","meta":[],"product_brand":[],"product_cat":[260,498],"product_tag":[],"class_list":{"0":"post-18671","1":"product","2":"type-product","3":"status-publish","4":"has-post-thumbnail","6":"product_cat-hytte-camping-fritid","7":"product_cat-toalett-vann-avlop","9":"first","10":"outofstock","11":"taxable","12":"shipping-taxable","13":"purchasable","14":"product-type-simple"},"_links":{"self":[{"href":"https:\/\/vossgass.no\/en\/wp-json\/wp\/v2\/product\/18671","targetHints":{"allow":["GET"]}}],"collection":[{"href":"https:\/\/vossgass.no\/en\/wp-json\/wp\/v2\/product"}],"about":[{"href":"https:\/\/vossgass.no\/en\/wp-json\/wp\/v2\/types\/product"}],"replies":[{"embeddable":true,"href":"https:\/\/vossgass.no\/en\/wp-json\/wp\/v2\/comments?post=18671"}],"wp:featuredmedia":[{"embeddable":true,"href":"https:\/\/vossgass.no\/en\/wp-json\/wp\/v2\/media\/18691"}],"wp:attachment":[{"href":"https:\/\/vossgass.no\/en\/wp-json\/wp\/v2\/media?parent=18671"}],"wp:term":[{"taxonomy":"product_brand","embeddable":true,"href":"https:\/\/vossgass.no\/en\/wp-json\/wp\/v2\/product_brand?post=18671"},{"taxonomy":"product_cat","embeddable":true,"href":"https:\/\/vossgass.no\/en\/wp-json\/wp\/v2\/product_cat?post=18671"},{"taxonomy":"product_tag","embeddable":true,"href":"https:\/\/vossgass.no\/en\/wp-json\/wp\/v2\/product_tag?post=18671"}],"curies":[{"name":"wp","href":"https:\/\/api.w.org\/{rel}","templated":true}]}}