{"id":18670,"date":"2025-08-28T19:45:37","date_gmt":"2025-08-28T17:45:37","guid":{"rendered":"https:\/\/vossgass.no\/produkt\/cinderella-pipehatt-topphatt\/"},"modified":"2026-02-19T13:42:34","modified_gmt":"2026-02-19T12:42:34","slug":"cinderella-pipehatt-topphatt","status":"publish","type":"product","link":"https:\/\/vossgass.no\/en\/product\/cinderella-pipehatt-topphatt\/","title":{"rendered":"Cinderella Pipehatt \/ Topphatt"},"content":{"rendered":"","protected":false},"excerpt":{"rendered":"<p>Om produktet<br \/>\nPipehatten er viktig for optimal forbrenning, og bidrar til \u00e5 holde utluftsr\u00f8ret fri for kvist, l\u00f8v og annet rusk. V\u00e5r nye pipehatt har nytt, str\u00f8mlinjeformet design, reduserer mottrykk og bidrar dermed til 20% bedre luftgjennomstr\u00f8mning i r\u00f8ret. <\/p>\n<p>Pipehatten best\u00e5r av to deler hvor nederste del festes med skruer eller lim p\u00e5 utluftsr\u00f8ret, alt etter behov. \u00d8verste del kan dermed l\u00f8ftes enkelt av n\u00e5r det er p\u00e5 tide med vedlikehold. <\/p>\n<p>Sort, matt finish og passer til 110 mm r\u00f8r.<\/p>\n<p>Detaljer og spesifikasjoner<br \/>\nSort, matt finish<br \/>\nPasser til 110 mm r\u00f8r<\/p>","protected":false},"featured_media":18690,"comment_status":"open","ping_status":"closed","template":"","meta":[],"product_brand":[],"product_cat":[260,498],"product_tag":[],"class_list":{"0":"post-18670","1":"product","2":"type-product","3":"status-publish","4":"has-post-thumbnail","6":"product_cat-hytte-camping-fritid","7":"product_cat-toalett-vann-avlop","9":"first","10":"instock","11":"taxable","12":"shipping-taxable","13":"purchasable","14":"product-type-simple"},"_links":{"self":[{"href":"https:\/\/vossgass.no\/en\/wp-json\/wp\/v2\/product\/18670","targetHints":{"allow":["GET"]}}],"collection":[{"href":"https:\/\/vossgass.no\/en\/wp-json\/wp\/v2\/product"}],"about":[{"href":"https:\/\/vossgass.no\/en\/wp-json\/wp\/v2\/types\/product"}],"replies":[{"embeddable":true,"href":"https:\/\/vossgass.no\/en\/wp-json\/wp\/v2\/comments?post=18670"}],"wp:featuredmedia":[{"embeddable":true,"href":"https:\/\/vossgass.no\/en\/wp-json\/wp\/v2\/media\/18690"}],"wp:attachment":[{"href":"https:\/\/vossgass.no\/en\/wp-json\/wp\/v2\/media?parent=18670"}],"wp:term":[{"taxonomy":"product_brand","embeddable":true,"href":"https:\/\/vossgass.no\/en\/wp-json\/wp\/v2\/product_brand?post=18670"},{"taxonomy":"product_cat","embeddable":true,"href":"https:\/\/vossgass.no\/en\/wp-json\/wp\/v2\/product_cat?post=18670"},{"taxonomy":"product_tag","embeddable":true,"href":"https:\/\/vossgass.no\/en\/wp-json\/wp\/v2\/product_tag?post=18670"}],"curies":[{"name":"wp","href":"https:\/\/api.w.org\/{rel}","templated":true}]}}