{"id":18659,"date":"2025-08-25T15:36:12","date_gmt":"2025-08-25T13:36:12","guid":{"rendered":"https:\/\/vossgass.no\/produkt\/blatind-luktfri-sanitaervaeske-4-liter\/"},"modified":"2026-02-19T13:47:14","modified_gmt":"2026-02-19T12:47:14","slug":"blatind-luktfri-sanitaervaeske-4-liter","status":"publish","type":"product","link":"https:\/\/vossgass.no\/en\/product\/blatind-luktfri-sanitaervaeske-4-liter\/","title":{"rendered":"Bl\u00e5tind Luktfri sanit\u00e6rv\u00e6ske 4 liter"},"content":{"rendered":"","protected":false},"excerpt":{"rendered":"<p>Sanit\u00e6rv\u00e6ske til alle type toaletter. Velegnet til camping, b\u00e5t, t\u00f8rrklosett og biologiske toaletter<\/p>","protected":false},"featured_media":18660,"comment_status":"open","ping_status":"closed","template":"","meta":[],"product_brand":[],"product_cat":[260,498],"product_tag":[],"class_list":{"0":"post-18659","1":"product","2":"type-product","3":"status-publish","4":"has-post-thumbnail","6":"product_cat-hytte-camping-fritid","7":"product_cat-toalett-vann-avlop","9":"first","10":"instock","11":"taxable","12":"shipping-taxable","13":"purchasable","14":"product-type-simple"},"_links":{"self":[{"href":"https:\/\/vossgass.no\/en\/wp-json\/wp\/v2\/product\/18659","targetHints":{"allow":["GET"]}}],"collection":[{"href":"https:\/\/vossgass.no\/en\/wp-json\/wp\/v2\/product"}],"about":[{"href":"https:\/\/vossgass.no\/en\/wp-json\/wp\/v2\/types\/product"}],"replies":[{"embeddable":true,"href":"https:\/\/vossgass.no\/en\/wp-json\/wp\/v2\/comments?post=18659"}],"wp:featuredmedia":[{"embeddable":true,"href":"https:\/\/vossgass.no\/en\/wp-json\/wp\/v2\/media\/18660"}],"wp:attachment":[{"href":"https:\/\/vossgass.no\/en\/wp-json\/wp\/v2\/media?parent=18659"}],"wp:term":[{"taxonomy":"product_brand","embeddable":true,"href":"https:\/\/vossgass.no\/en\/wp-json\/wp\/v2\/product_brand?post=18659"},{"taxonomy":"product_cat","embeddable":true,"href":"https:\/\/vossgass.no\/en\/wp-json\/wp\/v2\/product_cat?post=18659"},{"taxonomy":"product_tag","embeddable":true,"href":"https:\/\/vossgass.no\/en\/wp-json\/wp\/v2\/product_tag?post=18659"}],"curies":[{"name":"wp","href":"https:\/\/api.w.org\/{rel}","templated":true}]}}