{"id":18643,"date":"2025-08-15T10:44:41","date_gmt":"2025-08-15T08:44:41","guid":{"rendered":"https:\/\/vossgass.no\/produkt\/reduksjonsventil-cadac\/"},"modified":"2026-02-19T13:48:10","modified_gmt":"2026-02-19T12:48:10","slug":"reduksjonsventil-cadac","status":"publish","type":"product","link":"https:\/\/vossgass.no\/en\/product\/reduksjonsventil-cadac\/","title":{"rendered":"Reduksjonsventil Cadac"},"content":{"rendered":"","protected":false},"excerpt":{"rendered":"<p>Reduksjonsventil som brukes n\u00e5r du kobler Cadac -grillen til en Cadac gasspatron (f.eks. G03-22). Trykkregulatoren har et arbeidstrykk p\u00e5 30 mbar og har en universell skrueforbindelse i henhold til EN417. Den er skrudd jevnt p\u00e5 en gasspatron (ikke inkludert). Slangebeslaget passer til gassgriller med 1\/4 \u201dvenstre gjeng. Inkluderer 85 cm LPG -slange med knott for enkel lossing og stramming.<\/p>","protected":false},"featured_media":18644,"comment_status":"open","ping_status":"closed","template":"","meta":[],"product_brand":[],"product_cat":[318,454,452],"product_tag":[],"class_list":{"0":"post-18643","1":"product","2":"type-product","3":"status-publish","4":"has-post-thumbnail","6":"product_cat-gass-og-gassutstyr","7":"product_cat-lavtrykk-regulatorer-overganger","8":"product_cat-regulatorer-overganger","10":"first","11":"instock","12":"taxable","13":"shipping-taxable","14":"purchasable","15":"product-type-simple"},"_links":{"self":[{"href":"https:\/\/vossgass.no\/en\/wp-json\/wp\/v2\/product\/18643","targetHints":{"allow":["GET"]}}],"collection":[{"href":"https:\/\/vossgass.no\/en\/wp-json\/wp\/v2\/product"}],"about":[{"href":"https:\/\/vossgass.no\/en\/wp-json\/wp\/v2\/types\/product"}],"replies":[{"embeddable":true,"href":"https:\/\/vossgass.no\/en\/wp-json\/wp\/v2\/comments?post=18643"}],"wp:featuredmedia":[{"embeddable":true,"href":"https:\/\/vossgass.no\/en\/wp-json\/wp\/v2\/media\/18644"}],"wp:attachment":[{"href":"https:\/\/vossgass.no\/en\/wp-json\/wp\/v2\/media?parent=18643"}],"wp:term":[{"taxonomy":"product_brand","embeddable":true,"href":"https:\/\/vossgass.no\/en\/wp-json\/wp\/v2\/product_brand?post=18643"},{"taxonomy":"product_cat","embeddable":true,"href":"https:\/\/vossgass.no\/en\/wp-json\/wp\/v2\/product_cat?post=18643"},{"taxonomy":"product_tag","embeddable":true,"href":"https:\/\/vossgass.no\/en\/wp-json\/wp\/v2\/product_tag?post=18643"}],"curies":[{"name":"wp","href":"https:\/\/api.w.org\/{rel}","templated":true}]}}