{"id":18605,"date":"2025-08-12T14:08:21","date_gmt":"2025-08-12T12:08:21","guid":{"rendered":"https:\/\/vossgass.no\/produkt\/trykkbryter-til-12v-dykkerpumpe\/"},"modified":"2025-12-12T14:02:06","modified_gmt":"2025-12-12T13:02:06","slug":"trykkbryter-til-12v-dykkerpumpe","status":"publish","type":"product","link":"https:\/\/vossgass.no\/en\/product\/trykkbryter-til-12v-dykkerpumpe\/","title":{"rendered":"Trykkbryter til 12V dykkerpumpe"},"content":{"rendered":"","protected":false},"excerpt":{"rendered":"<p>Trykkbryteren til 12V senkepumper. S\u00f8rger for at pumpen starter og stopper automatisk n\u00e5r man \u00e5pner krana. Trykkregulatoren benyttes sammen med nedsenkbare eller inline selvsugende pentrypumper i et trykksatt vannsystem. <\/p>\n<p>Maks trykk: 2 bar<br \/>\nM\u00e5 monteres i vertikal posisjon<\/p>","protected":false},"featured_media":18606,"comment_status":"open","ping_status":"closed","template":"","meta":[],"product_brand":[],"product_cat":[630,260],"product_tag":[],"class_list":{"0":"post-18605","1":"product","2":"type-product","3":"status-publish","4":"has-post-thumbnail","6":"product_cat-camping-bobilutsyr","7":"product_cat-hytte-camping-fritid","9":"first","10":"outofstock","11":"taxable","12":"shipping-taxable","13":"purchasable","14":"product-type-simple"},"_links":{"self":[{"href":"https:\/\/vossgass.no\/en\/wp-json\/wp\/v2\/product\/18605","targetHints":{"allow":["GET"]}}],"collection":[{"href":"https:\/\/vossgass.no\/en\/wp-json\/wp\/v2\/product"}],"about":[{"href":"https:\/\/vossgass.no\/en\/wp-json\/wp\/v2\/types\/product"}],"replies":[{"embeddable":true,"href":"https:\/\/vossgass.no\/en\/wp-json\/wp\/v2\/comments?post=18605"}],"wp:featuredmedia":[{"embeddable":true,"href":"https:\/\/vossgass.no\/en\/wp-json\/wp\/v2\/media\/18606"}],"wp:attachment":[{"href":"https:\/\/vossgass.no\/en\/wp-json\/wp\/v2\/media?parent=18605"}],"wp:term":[{"taxonomy":"product_brand","embeddable":true,"href":"https:\/\/vossgass.no\/en\/wp-json\/wp\/v2\/product_brand?post=18605"},{"taxonomy":"product_cat","embeddable":true,"href":"https:\/\/vossgass.no\/en\/wp-json\/wp\/v2\/product_cat?post=18605"},{"taxonomy":"product_tag","embeddable":true,"href":"https:\/\/vossgass.no\/en\/wp-json\/wp\/v2\/product_tag?post=18605"}],"curies":[{"name":"wp","href":"https:\/\/api.w.org\/{rel}","templated":true}]}}