{"id":18587,"date":"2025-08-07T16:52:01","date_gmt":"2025-08-07T14:52:01","guid":{"rendered":"https:\/\/vossgass.no\/produkt\/gjaerlas-compact-mini\/"},"modified":"2026-02-19T13:51:19","modified_gmt":"2026-02-19T12:51:19","slug":"gjaerlas-compact-mini","status":"publish","type":"product","link":"https:\/\/vossgass.no\/en\/product\/gjaerlas-compact-mini\/","title":{"rendered":"Gj\u00e6rl\u00e5s compact mini"},"content":{"rendered":"","protected":false},"excerpt":{"rendered":"<p>V\u00e5r minste gj\u00e6rl\u00e5s.<\/p>\n<p>Kun 65mm total h\u00f8yde. Bygger 40mm fra pakningen.<\/p>","protected":false},"featured_media":18836,"comment_status":"open","ping_status":"closed","template":"","meta":[],"product_brand":[],"product_cat":[256,91],"product_tag":[],"class_list":{"0":"post-18587","1":"product","2":"type-product","3":"status-publish","4":"has-post-thumbnail","6":"product_cat-bryggeutstyr-heimabrygg","7":"product_cat-heimabrygg","9":"first","10":"instock","11":"taxable","12":"shipping-taxable","13":"purchasable","14":"product-type-simple"},"_links":{"self":[{"href":"https:\/\/vossgass.no\/en\/wp-json\/wp\/v2\/product\/18587","targetHints":{"allow":["GET"]}}],"collection":[{"href":"https:\/\/vossgass.no\/en\/wp-json\/wp\/v2\/product"}],"about":[{"href":"https:\/\/vossgass.no\/en\/wp-json\/wp\/v2\/types\/product"}],"replies":[{"embeddable":true,"href":"https:\/\/vossgass.no\/en\/wp-json\/wp\/v2\/comments?post=18587"}],"wp:featuredmedia":[{"embeddable":true,"href":"https:\/\/vossgass.no\/en\/wp-json\/wp\/v2\/media\/18836"}],"wp:attachment":[{"href":"https:\/\/vossgass.no\/en\/wp-json\/wp\/v2\/media?parent=18587"}],"wp:term":[{"taxonomy":"product_brand","embeddable":true,"href":"https:\/\/vossgass.no\/en\/wp-json\/wp\/v2\/product_brand?post=18587"},{"taxonomy":"product_cat","embeddable":true,"href":"https:\/\/vossgass.no\/en\/wp-json\/wp\/v2\/product_cat?post=18587"},{"taxonomy":"product_tag","embeddable":true,"href":"https:\/\/vossgass.no\/en\/wp-json\/wp\/v2\/product_tag?post=18587"}],"curies":[{"name":"wp","href":"https:\/\/api.w.org\/{rel}","templated":true}]}}