{"id":18585,"date":"2025-08-07T16:46:34","date_gmt":"2025-08-07T14:46:34","guid":{"rendered":"https:\/\/vossgass.no\/produkt\/pipeline-rinse-test-papers-40-stk\/"},"modified":"2026-02-19T13:52:01","modified_gmt":"2026-02-19T12:52:01","slug":"pipeline-rinse-test-papers-40-stk","status":"publish","type":"product","link":"https:\/\/vossgass.no\/en\/product\/pipeline-rinse-test-papers-40-stk\/","title":{"rendered":"Pipeline Rinse Test Papers 40 stk"},"content":{"rendered":"","protected":false},"excerpt":{"rendered":"<p>Testpapir for bruk sammen med Pipeline fra Chemisphere UK. Papiret avsl\u00f8rer om det fortsatt er rensev\u00e6ske i tappelinjen etter ferdig rengj\u00f8ring.<\/p>\n<p>Inneholder 40 stk strimler<\/p>\n<p>Bruksanvisning: Etter rengj\u00f8ring med Pipeline, pump friskt kaldt vann gjennom tappelinjen for \u00e5 skylle ut vaskemiddelet. Verifiser renheten av dette vannet ved hjelp av Pipeline Rinse Water Test Papers: Dypp papiret under det rennende vannet. Hvis det er spor av Pipeline i vannet, vil testpapiret bli lilla. Hvis papiret forblir rosa, gjenst\u00e5r ingen rensel\u00f8sning, og skyllingen er fullf\u00f8rt.<\/p>","protected":false},"featured_media":18586,"comment_status":"open","ping_status":"closed","template":"","meta":[],"product_brand":[],"product_cat":[256,91],"product_tag":[],"class_list":{"0":"post-18585","1":"product","2":"type-product","3":"status-publish","4":"has-post-thumbnail","6":"product_cat-bryggeutstyr-heimabrygg","7":"product_cat-heimabrygg","9":"first","10":"instock","11":"taxable","12":"shipping-taxable","13":"purchasable","14":"product-type-simple"},"_links":{"self":[{"href":"https:\/\/vossgass.no\/en\/wp-json\/wp\/v2\/product\/18585","targetHints":{"allow":["GET"]}}],"collection":[{"href":"https:\/\/vossgass.no\/en\/wp-json\/wp\/v2\/product"}],"about":[{"href":"https:\/\/vossgass.no\/en\/wp-json\/wp\/v2\/types\/product"}],"replies":[{"embeddable":true,"href":"https:\/\/vossgass.no\/en\/wp-json\/wp\/v2\/comments?post=18585"}],"wp:featuredmedia":[{"embeddable":true,"href":"https:\/\/vossgass.no\/en\/wp-json\/wp\/v2\/media\/18586"}],"wp:attachment":[{"href":"https:\/\/vossgass.no\/en\/wp-json\/wp\/v2\/media?parent=18585"}],"wp:term":[{"taxonomy":"product_brand","embeddable":true,"href":"https:\/\/vossgass.no\/en\/wp-json\/wp\/v2\/product_brand?post=18585"},{"taxonomy":"product_cat","embeddable":true,"href":"https:\/\/vossgass.no\/en\/wp-json\/wp\/v2\/product_cat?post=18585"},{"taxonomy":"product_tag","embeddable":true,"href":"https:\/\/vossgass.no\/en\/wp-json\/wp\/v2\/product_tag?post=18585"}],"curies":[{"name":"wp","href":"https:\/\/api.w.org\/{rel}","templated":true}]}}