{"id":18583,"date":"2025-08-07T16:36:31","date_gmt":"2025-08-07T14:36:31","guid":{"rendered":"https:\/\/vossgass.no\/produkt\/humle-pose-15-x-58-cm\/"},"modified":"2026-02-19T13:53:04","modified_gmt":"2026-02-19T12:53:04","slug":"humle-pose-15-x-58-cm","status":"publish","type":"product","link":"https:\/\/vossgass.no\/en\/product\/humle-pose-15-x-58-cm\/","title":{"rendered":"Humle-pose, 15 x 58 cm"},"content":{"rendered":"","protected":false},"excerpt":{"rendered":"<p>Passer fint til t\u00f8rrhumling, tilsetning under kok, og for\u00f8vrig alle andre tilfeller hvor man har behov for en stor tepose. T\u00e5ler opp til 110c. Kan vaskes og gjenbrukes.<\/p>","protected":false},"featured_media":18584,"comment_status":"open","ping_status":"closed","template":"","meta":[],"product_brand":[],"product_cat":[256,91],"product_tag":[],"class_list":{"0":"post-18583","1":"product","2":"type-product","3":"status-publish","4":"has-post-thumbnail","6":"product_cat-bryggeutstyr-heimabrygg","7":"product_cat-heimabrygg","9":"first","10":"instock","11":"taxable","12":"shipping-taxable","13":"purchasable","14":"product-type-simple"},"_links":{"self":[{"href":"https:\/\/vossgass.no\/en\/wp-json\/wp\/v2\/product\/18583","targetHints":{"allow":["GET"]}}],"collection":[{"href":"https:\/\/vossgass.no\/en\/wp-json\/wp\/v2\/product"}],"about":[{"href":"https:\/\/vossgass.no\/en\/wp-json\/wp\/v2\/types\/product"}],"replies":[{"embeddable":true,"href":"https:\/\/vossgass.no\/en\/wp-json\/wp\/v2\/comments?post=18583"}],"wp:featuredmedia":[{"embeddable":true,"href":"https:\/\/vossgass.no\/en\/wp-json\/wp\/v2\/media\/18584"}],"wp:attachment":[{"href":"https:\/\/vossgass.no\/en\/wp-json\/wp\/v2\/media?parent=18583"}],"wp:term":[{"taxonomy":"product_brand","embeddable":true,"href":"https:\/\/vossgass.no\/en\/wp-json\/wp\/v2\/product_brand?post=18583"},{"taxonomy":"product_cat","embeddable":true,"href":"https:\/\/vossgass.no\/en\/wp-json\/wp\/v2\/product_cat?post=18583"},{"taxonomy":"product_tag","embeddable":true,"href":"https:\/\/vossgass.no\/en\/wp-json\/wp\/v2\/product_tag?post=18583"}],"curies":[{"name":"wp","href":"https:\/\/api.w.org\/{rel}","templated":true}]}}