{"id":18536,"date":"2025-07-28T11:00:40","date_gmt":"2025-07-28T09:00:40","guid":{"rendered":"https:\/\/vossgass.no\/produkt\/solbio-water-tank-cleaner\/"},"modified":"2026-03-02T11:31:48","modified_gmt":"2026-03-02T10:31:48","slug":"solbio-water-tank-cleaner","status":"publish","type":"product","link":"https:\/\/vossgass.no\/en\/product\/solbio-water-tank-cleaner\/","title":{"rendered":"Solbio Water Tank Cleaner"},"content":{"rendered":"","protected":false},"excerpt":{"rendered":"<p>Ingenting er viktigere enn rent drikkevann i campingvogn, bobil og b\u00e5t. Solbio tankrens renser ferskvannstank og -slanger ved \u00e5 fjerne bakterier, smuss og lukt. Et produkt laget av naturlige ingredienser uten bruk av klor- eller s\u00f8lvioner. Solbios avanserte formel sikrer at vanntilf\u00f8rselen er frisk og trygg slik at du alltid kan nyte rent drikkevann. Plastflaske 1 liter som rekker til 160 liter vann.<\/p>","protected":false},"featured_media":18537,"comment_status":"open","ping_status":"closed","template":"","meta":[],"product_brand":[],"product_cat":[260,498],"product_tag":[],"class_list":{"0":"post-18536","1":"product","2":"type-product","3":"status-publish","4":"has-post-thumbnail","6":"product_cat-hytte-camping-fritid","7":"product_cat-toalett-vann-avlop","9":"first","10":"instock","11":"taxable","12":"shipping-taxable","13":"purchasable","14":"product-type-simple"},"_links":{"self":[{"href":"https:\/\/vossgass.no\/en\/wp-json\/wp\/v2\/product\/18536","targetHints":{"allow":["GET"]}}],"collection":[{"href":"https:\/\/vossgass.no\/en\/wp-json\/wp\/v2\/product"}],"about":[{"href":"https:\/\/vossgass.no\/en\/wp-json\/wp\/v2\/types\/product"}],"replies":[{"embeddable":true,"href":"https:\/\/vossgass.no\/en\/wp-json\/wp\/v2\/comments?post=18536"}],"wp:featuredmedia":[{"embeddable":true,"href":"https:\/\/vossgass.no\/en\/wp-json\/wp\/v2\/media\/18537"}],"wp:attachment":[{"href":"https:\/\/vossgass.no\/en\/wp-json\/wp\/v2\/media?parent=18536"}],"wp:term":[{"taxonomy":"product_brand","embeddable":true,"href":"https:\/\/vossgass.no\/en\/wp-json\/wp\/v2\/product_brand?post=18536"},{"taxonomy":"product_cat","embeddable":true,"href":"https:\/\/vossgass.no\/en\/wp-json\/wp\/v2\/product_cat?post=18536"},{"taxonomy":"product_tag","embeddable":true,"href":"https:\/\/vossgass.no\/en\/wp-json\/wp\/v2\/product_tag?post=18536"}],"curies":[{"name":"wp","href":"https:\/\/api.w.org\/{rel}","templated":true}]}}