{"id":18468,"date":"2025-06-27T16:06:08","date_gmt":"2025-06-27T14:06:08","guid":{"rendered":"https:\/\/vossgass.no\/produkt\/safale-s-04-100g-torrgjaer-for-engelske-ol\/"},"modified":"2026-04-01T14:08:49","modified_gmt":"2026-04-01T12:08:49","slug":"safale-s-04-100g-torrgjaer-for-engelske-ol","status":"publish","type":"product","link":"https:\/\/vossgass.no\/en\/product\/safale-s-04-100g-torrgjaer-for-engelske-ol\/","title":{"rendered":"Safale S-04 100g T\u00f8rrgj\u00e6r, for Engelske \u00f8l"},"content":{"rendered":"","protected":false},"excerpt":{"rendered":"<p>En n\u00f8ytral gj\u00e6r som passer for de fleste Engelske \u00f8l-typer<\/p>\n<p>Produserer \u00f8l med balanserte fruktige og florale toner. Ideell for et stort utvalg av amerikanske og engelske \u00f8l \u2013 inkludert \u00f8l med mye humle. <\/p>","protected":false},"featured_media":18469,"comment_status":"open","ping_status":"closed","template":"","meta":[],"product_brand":[],"product_cat":[180,91,149],"product_tag":[],"class_list":{"0":"post-18468","1":"product","2":"type-product","3":"status-publish","4":"has-post-thumbnail","6":"product_cat-gjaer","7":"product_cat-heimabrygg","8":"product_cat-ravarer","10":"first","11":"instock","12":"featured","13":"taxable","14":"shipping-taxable","15":"purchasable","16":"product-type-simple"},"_links":{"self":[{"href":"https:\/\/vossgass.no\/en\/wp-json\/wp\/v2\/product\/18468","targetHints":{"allow":["GET"]}}],"collection":[{"href":"https:\/\/vossgass.no\/en\/wp-json\/wp\/v2\/product"}],"about":[{"href":"https:\/\/vossgass.no\/en\/wp-json\/wp\/v2\/types\/product"}],"replies":[{"embeddable":true,"href":"https:\/\/vossgass.no\/en\/wp-json\/wp\/v2\/comments?post=18468"}],"wp:featuredmedia":[{"embeddable":true,"href":"https:\/\/vossgass.no\/en\/wp-json\/wp\/v2\/media\/18469"}],"wp:attachment":[{"href":"https:\/\/vossgass.no\/en\/wp-json\/wp\/v2\/media?parent=18468"}],"wp:term":[{"taxonomy":"product_brand","embeddable":true,"href":"https:\/\/vossgass.no\/en\/wp-json\/wp\/v2\/product_brand?post=18468"},{"taxonomy":"product_cat","embeddable":true,"href":"https:\/\/vossgass.no\/en\/wp-json\/wp\/v2\/product_cat?post=18468"},{"taxonomy":"product_tag","embeddable":true,"href":"https:\/\/vossgass.no\/en\/wp-json\/wp\/v2\/product_tag?post=18468"}],"curies":[{"name":"wp","href":"https:\/\/api.w.org\/{rel}","templated":true}]}}