{"id":18427,"date":"2025-06-13T16:28:14","date_gmt":"2025-06-13T14:28:14","guid":{"rendered":"https:\/\/vossgass.no\/produkt\/turfilter-med-pumpe-vannrensing-pa-tur\/"},"modified":"2025-10-31T18:24:44","modified_gmt":"2025-10-31T17:24:44","slug":"turfilter-med-pumpe-vannrensing-pa-tur","status":"publish","type":"product","link":"https:\/\/vossgass.no\/en\/product\/turfilter-med-pumpe-vannrensing-pa-tur\/","title":{"rendered":"Turfilter med pumpe &#8211; vannrensing p\u00e5 tur"},"content":{"rendered":"","protected":false},"excerpt":{"rendered":"<p>Vannrensing p\u00e5 tur med turfilter<br \/>\nFilteret renser vann fra bekk, innsj\u00f8, myr eller annet ferskvann som du vanligvis vil v\u00e6re skeptisk til \u00e5 drikke. Drives av h\u00e5ndpumpe, ingen str\u00f8m eller ekstern tilkobling er n\u00f8dvendig. Fjerner 99,9 % av bakterier, organiske stoffer samt lukt, farge og smak p\u00e5 vannet. UF filteret fjerner ogs\u00e5 99,9% av en rekke virusvarianter. Resultatet er et rent, friskt og velsmakende drikkevann. <\/p>","protected":false},"featured_media":18428,"comment_status":"open","ping_status":"closed","template":"","meta":[],"product_brand":[],"product_cat":[260],"product_tag":[],"class_list":{"0":"post-18427","1":"product","2":"type-product","3":"status-publish","4":"has-post-thumbnail","6":"product_cat-hytte-camping-fritid","8":"first","9":"instock","10":"taxable","11":"shipping-taxable","12":"purchasable","13":"product-type-simple"},"_links":{"self":[{"href":"https:\/\/vossgass.no\/en\/wp-json\/wp\/v2\/product\/18427","targetHints":{"allow":["GET"]}}],"collection":[{"href":"https:\/\/vossgass.no\/en\/wp-json\/wp\/v2\/product"}],"about":[{"href":"https:\/\/vossgass.no\/en\/wp-json\/wp\/v2\/types\/product"}],"replies":[{"embeddable":true,"href":"https:\/\/vossgass.no\/en\/wp-json\/wp\/v2\/comments?post=18427"}],"wp:featuredmedia":[{"embeddable":true,"href":"https:\/\/vossgass.no\/en\/wp-json\/wp\/v2\/media\/18428"}],"wp:attachment":[{"href":"https:\/\/vossgass.no\/en\/wp-json\/wp\/v2\/media?parent=18427"}],"wp:term":[{"taxonomy":"product_brand","embeddable":true,"href":"https:\/\/vossgass.no\/en\/wp-json\/wp\/v2\/product_brand?post=18427"},{"taxonomy":"product_cat","embeddable":true,"href":"https:\/\/vossgass.no\/en\/wp-json\/wp\/v2\/product_cat?post=18427"},{"taxonomy":"product_tag","embeddable":true,"href":"https:\/\/vossgass.no\/en\/wp-json\/wp\/v2\/product_tag?post=18427"}],"curies":[{"name":"wp","href":"https:\/\/api.w.org\/{rel}","templated":true}]}}