{"id":18423,"date":"2025-06-13T16:16:19","date_gmt":"2025-06-13T14:16:19","guid":{"rendered":"https:\/\/vossgass.no\/produkt\/separett-avlopsrens-5-stk\/"},"modified":"2026-02-19T14:34:25","modified_gmt":"2026-02-19T13:34:25","slug":"separett-avlopsrens-5-stk","status":"publish","type":"product","link":"https:\/\/vossgass.no\/en\/product\/separett-avlopsrens-5-stk\/","title":{"rendered":"Separett avl\u00f8psrens 5 stk"},"content":{"rendered":"","protected":false},"excerpt":{"rendered":"<p>Separat avl\u00f8psbehandling er en biologisk tablett som plasseres i urinsk\u00e5len p\u00e5 det urinseparerende toalettet, den brytes sakte ned og enzymene holder urinutl\u00f8pet fri for avleiringer som over tid risikerer \u00e5 stoppe str\u00f8mmen.<\/p>","protected":false},"featured_media":18424,"comment_status":"open","ping_status":"closed","template":"","meta":[],"product_brand":[],"product_cat":[260,498],"product_tag":[],"class_list":{"0":"post-18423","1":"product","2":"type-product","3":"status-publish","4":"has-post-thumbnail","6":"product_cat-hytte-camping-fritid","7":"product_cat-toalett-vann-avlop","9":"first","10":"instock","11":"taxable","12":"shipping-taxable","13":"purchasable","14":"product-type-simple"},"_links":{"self":[{"href":"https:\/\/vossgass.no\/en\/wp-json\/wp\/v2\/product\/18423","targetHints":{"allow":["GET"]}}],"collection":[{"href":"https:\/\/vossgass.no\/en\/wp-json\/wp\/v2\/product"}],"about":[{"href":"https:\/\/vossgass.no\/en\/wp-json\/wp\/v2\/types\/product"}],"replies":[{"embeddable":true,"href":"https:\/\/vossgass.no\/en\/wp-json\/wp\/v2\/comments?post=18423"}],"wp:featuredmedia":[{"embeddable":true,"href":"https:\/\/vossgass.no\/en\/wp-json\/wp\/v2\/media\/18424"}],"wp:attachment":[{"href":"https:\/\/vossgass.no\/en\/wp-json\/wp\/v2\/media?parent=18423"}],"wp:term":[{"taxonomy":"product_brand","embeddable":true,"href":"https:\/\/vossgass.no\/en\/wp-json\/wp\/v2\/product_brand?post=18423"},{"taxonomy":"product_cat","embeddable":true,"href":"https:\/\/vossgass.no\/en\/wp-json\/wp\/v2\/product_cat?post=18423"},{"taxonomy":"product_tag","embeddable":true,"href":"https:\/\/vossgass.no\/en\/wp-json\/wp\/v2\/product_tag?post=18423"}],"curies":[{"name":"wp","href":"https:\/\/api.w.org\/{rel}","templated":true}]}}