{"id":18408,"date":"2025-06-10T20:38:49","date_gmt":"2025-06-10T18:38:49","guid":{"rendered":"https:\/\/vossgass.no\/produkt\/12m-slange-evabarrier-3mm-id-x-635mm-od\/"},"modified":"2026-03-05T11:45:16","modified_gmt":"2026-03-05T10:45:16","slug":"12m-slange-evabarrier-3mm-id-x-635mm-od","status":"publish","type":"product","link":"https:\/\/vossgass.no\/en\/product\/12m-slange-evabarrier-3mm-id-x-635mm-od\/","title":{"rendered":"EVABarrier slange 3mm ID x 6,35mm OD 1 meter"},"content":{"rendered":"","protected":false},"excerpt":{"rendered":"<p>6,35mm x 3mm EVABarrier\u00ae er diffusjonstett slange for \u00f8l og co2.<\/p>\n<p>Pris oppgitt er for 12 meter.<\/p>\n<p>Tips til montering p\u00e5 slangenippel: Varm opp slangen i litt varmt vann og benytt en spiss tang eller lignende for \u00e5 utvide slangen.<\/p>\n<p>Utvendig m\u00e5l er 6,5mm slik at denne passer i Duothight hurtigkoblinger med 6,35mm eller 1\/4&#8243; koblinger.<\/p>\n<p>Innvendig m\u00e5l er 3mm (1\/8&#8243;). Denne slangedimensjonen er ypperlig \u00e5 benytte til ditt tappeanlegg da den gir optimal gjennomstr\u00f8mningsmotstand med en lengde p\u00e5 ca 1,5m, noe som passer til fleste tappeanlegg og i kegerators\/kj\u00f8leskap med tappet\u00e5rn. Se &laquo;alternativer&raquo; lenger ned p\u00e5 denne siden for \u00e5 se EVABarrier\u00ae slanger i andre dimensjoner.<\/p>\n<p>Denne slangen er utviklet av KegLand i Australia. Mange andre slanger for \u00f8l og co2 er normalt ikke diffusjonstette. KegLand har derfor laget en 2-lags slange hvor det utvendige laget er av Ethylene Vinyl Acetate (EVA), et ekstremt fleksibelt og robust plastmateriale som kan b\u00f8yes uten \u00e5 kollapse eller knekke. Dette materialet gj\u00f8r ogs\u00e5 at slangen tetter godt i Duotight og John Guest hurtigkoblinger. Det innvendige laget er av propriet\u00e6re polymer og som gj\u00f8r slangen diffusjonstett, og dette forhindrer dermed CO2 i \u00e5 lekke ut gjennom slangeveggen, eller \u00e5 la oksygen trenge inn i \u00f8let i slangen. Dermed unng\u00e5r du at \u00f8let som st\u00e5r i slangen en tid blir \u00f8delagt. Innvendig er overflaten sv\u00e6rt glatt, men minimal friksjon for \u00f8let, samtidig som det gj\u00f8r det vanskelig for urenheter, bakterier, mikrober el \u00e5 feste seg.<\/p>\n<p>Trykk-toleranse (med 50% sikkerhetsmargin):<br \/>\nved 30C: 200psi \/ 1,4MPa<br \/>\nved 50C: 100psi \/ 0,7MPa<\/p>","protected":false},"featured_media":18411,"comment_status":"open","ping_status":"closed","template":"","meta":[],"product_brand":[],"product_cat":[256,91],"product_tag":[],"class_list":{"0":"post-18408","1":"product","2":"type-product","3":"status-publish","4":"has-post-thumbnail","6":"product_cat-bryggeutstyr-heimabrygg","7":"product_cat-heimabrygg","9":"first","10":"instock","11":"taxable","12":"shipping-taxable","13":"purchasable","14":"product-type-simple"},"_links":{"self":[{"href":"https:\/\/vossgass.no\/en\/wp-json\/wp\/v2\/product\/18408","targetHints":{"allow":["GET"]}}],"collection":[{"href":"https:\/\/vossgass.no\/en\/wp-json\/wp\/v2\/product"}],"about":[{"href":"https:\/\/vossgass.no\/en\/wp-json\/wp\/v2\/types\/product"}],"replies":[{"embeddable":true,"href":"https:\/\/vossgass.no\/en\/wp-json\/wp\/v2\/comments?post=18408"}],"wp:featuredmedia":[{"embeddable":true,"href":"https:\/\/vossgass.no\/en\/wp-json\/wp\/v2\/media\/18411"}],"wp:attachment":[{"href":"https:\/\/vossgass.no\/en\/wp-json\/wp\/v2\/media?parent=18408"}],"wp:term":[{"taxonomy":"product_brand","embeddable":true,"href":"https:\/\/vossgass.no\/en\/wp-json\/wp\/v2\/product_brand?post=18408"},{"taxonomy":"product_cat","embeddable":true,"href":"https:\/\/vossgass.no\/en\/wp-json\/wp\/v2\/product_cat?post=18408"},{"taxonomy":"product_tag","embeddable":true,"href":"https:\/\/vossgass.no\/en\/wp-json\/wp\/v2\/product_tag?post=18408"}],"curies":[{"name":"wp","href":"https:\/\/api.w.org\/{rel}","templated":true}]}}